{"id":15247,"date":"2023-12-28T17:25:09","date_gmt":"2023-12-28T20:25:09","guid":{"rendered":"https:\/\/com-automotive.com\/alternador-24v-80a-0120468037-sin-polea-para-volvo-b10-valtra\/"},"modified":"2023-12-28T17:25:09","modified_gmt":"2023-12-28T20:25:09","slug":"alternador-24v-80a-0120468037-sin-polea-para-volvo-b10-valtra","status":"publish","type":"product","link":"https:\/\/com-automotive.com\/es\/alternador-24v-80a-0120468037-sin-polea-para-volvo-b10-valtra\/","title":{"rendered":"Alternador 24V 80A 0120468037 sin polea para Volvo B10 VALTRA<span class=\"product-sku\" style=\"display: block; font-size: 0.85em; color: #777; margin-top: 5px; margin-bottom: 5px;\">SKU: 8000.8037-COM<\/span>"},"content":{"rendered":"<h1><strong>COM-AUTOMOTIVE, calidad de dise\u00f1o original.<\/strong><\/h1>\n<p>&gt;VOLVO B10, B7F, B7L, B7R, F12, F12 TD123, F16, FL10, FL180, FL 220, FL 250, FL6, FS7, FL 611 TD 61 GB, FL 614, TD 61 GC, FL 617 TD 61 1990 1994 VALTRA 820, 420, 840.2, 911.1, 620, 921, 634, 921.1<\/p>\n<h2>Preguntas m\u00e1s frecuentes<\/h2>\n<h3><strong>\u00bfCu\u00e1les son las referencias cruzadas?<\/strong><\/h3>\n<p>0120468037, 1089862, 1621048, 5003398, 8113912, EURO 70613, DITA 10165<\/p>\n<h2><strong>Tabla de aplicaci\u00f3n<\/strong><\/h2>\n<p>Alternador 24V 80Amp 0120468037 (sin polea) VOLVO B10 VALTRA<\/p>\n<div><\/div>\n<div>ATENCI\u00d3N:<\/div>\n<div>Recomendamos que la instalaci\u00f3n la realice un profesional formado y especializado.<\/div>\n<div>S\u00f3lo compra este producto si est\u00e1s seguro de que es compatible con tu veh\u00edculo. Si tienes alguna duda, no dudes en ponerte en contacto con nosotros. Nuestro horario de apertura es de lunes a viernes de 8 a 18 h.<\/div>\n<div><\/div>\n<div>Sobre nosotros<\/div>\n<div>COM Automotive est\u00e1 especializada en piezas de autom\u00f3vil de dise\u00f1o original para el sector de la reparaci\u00f3n posventa, clientes industriales y fabricantes de veh\u00edculos especiales OEM.<\/div>\n<div>Nuestro equipo tiene m\u00e1s de 28 a\u00f1os de experiencia en la fabricaci\u00f3n y el suministro de piezas de automoci\u00f3n a escala mundial.<\/div>\n<div>Nuestra MISI\u00d3N es ofrecer productos de dise\u00f1o original con una calidad impecable y una sustituci\u00f3n personalizada.<\/div>\n<div>Nuestra VISI\u00d3N es promover el crecimiento y un valor inigualable para nuestros clientes.<\/div>\n","protected":false},"excerpt":{"rendered":"<p>0120468037-COM. En stock. Ref: 0120468037, 1089862, 1621048, 5003398, 8113912, EURO 70613, DITA 10165 &#8211; compatible con: Volvo. Marca: COM Automotive &#8211; Producto con calidad y dise\u00f1o originales. Compatible con Bosch<\/p>\n","protected":false},"featured_media":21334,"comment_status":"open","ping_status":"closed","template":"","meta":[],"product_brand":[],"product_cat":[8109,41539],"product_tag":[9516,9514,9519,9521,9523,9525,9529,9527],"class_list":{"0":"post-15247","1":"product","2":"type-product","3":"status-publish","4":"has-post-thumbnail","6":"product_cat-alternador-es-2","7":"product_cat-lancamentos","8":"product_tag-0120468037-es","9":"product_tag-0120468037-com-es","10":"product_tag-1089862-es","11":"product_tag-1621048-es","12":"product_tag-5003398-es","13":"product_tag-8113912-es","14":"product_tag-dita-10165-es","15":"product_tag-euro-70613-es","17":"first","18":"instock","19":"taxable","20":"shipping-taxable","21":"purchasable","22":"product-type-simple"},"_links":{"self":[{"href":"https:\/\/com-automotive.com\/es\/wp-json\/wp\/v2\/product\/15247","targetHints":{"allow":["GET"]}}],"collection":[{"href":"https:\/\/com-automotive.com\/es\/wp-json\/wp\/v2\/product"}],"about":[{"href":"https:\/\/com-automotive.com\/es\/wp-json\/wp\/v2\/types\/product"}],"replies":[{"embeddable":true,"href":"https:\/\/com-automotive.com\/es\/wp-json\/wp\/v2\/comments?post=15247"}],"wp:featuredmedia":[{"embeddable":true,"href":"https:\/\/com-automotive.com\/es\/wp-json\/wp\/v2\/media\/21334"}],"wp:attachment":[{"href":"https:\/\/com-automotive.com\/es\/wp-json\/wp\/v2\/media?parent=15247"}],"wp:term":[{"taxonomy":"product_brand","embeddable":true,"href":"https:\/\/com-automotive.com\/es\/wp-json\/wp\/v2\/product_brand?post=15247"},{"taxonomy":"product_cat","embeddable":true,"href":"https:\/\/com-automotive.com\/es\/wp-json\/wp\/v2\/product_cat?post=15247"},{"taxonomy":"product_tag","embeddable":true,"href":"https:\/\/com-automotive.com\/es\/wp-json\/wp\/v2\/product_tag?post=15247"}],"curies":[{"name":"wp","href":"https:\/\/api.w.org\/{rel}","templated":true}]}}