{"id":15201,"date":"2024-02-29T11:29:08","date_gmt":"2024-02-29T14:29:08","guid":{"rendered":"https:\/\/com-automotive.com\/motor-de-arranque-24v-12d-m009t65971-para-scania-124-p230-270-p480-serie-g-k-p-r-t\/"},"modified":"2024-02-29T11:29:08","modified_gmt":"2024-02-29T14:29:08","slug":"motor-de-arranque-24v-12d-m009t65971-para-scania-124-p230-270-p480-serie-g-k-p-r-t","status":"publish","type":"product","link":"https:\/\/com-automotive.com\/es\/motor-de-arranque-24v-12d-m009t65971-para-scania-124-p230-270-p480-serie-g-k-p-r-t\/","title":{"rendered":"Motor de arranque 24V 12D M009T65971 para Scania 124 P230 270 P480 Serie G K P R T<span class=\"product-sku\" style=\"display: block; font-size: 0.85em; color: #777; margin-top: 5px; margin-bottom: 5px;\">SKU: 6000.65971-COM<\/span>"},"content":{"rendered":"<h1><strong>COM-AUTOMOTIVE, calidad de dise\u00f1o original.<\/strong><\/h1>\n<p>Motor de arranque 24V 12D para Scania 124 P230 270 P480 Serie G K P R T<\/p>\n<h2>Preguntas m\u00e1s frecuentes<\/h2>\n<h3><strong>\u00bfCu\u00e1les son las referencias cruzadas?<\/strong><\/h3>\n<p>M009T65971, 2029376, 2031368, M009T65971ZA, DITA 20579<\/p>\n<h2><strong>Tabla de aplicaci\u00f3n<\/strong><\/h2>\n<p>SCANIA 124 SERIE G \/ K \/ P \/ R \/ T, SCANIA SERIE P230, P270, P480, EURO 4 \/ 5 2005<\/p>\n<div>ATENCI\u00d3N:<\/div>\n<div>Recomendamos que la instalaci\u00f3n la realice un profesional formado y especializado.<\/div>\n<div>S\u00f3lo compra este producto si est\u00e1s seguro de que es compatible con tu veh\u00edculo. Si tienes alguna duda, no dudes en ponerte en contacto con nosotros. Nuestro horario de apertura es de lunes a viernes de 8 a 18 h.<\/div>\n<div><\/div>\n<div>Sobre nosotros<\/div>\n<div>COM Automotive est\u00e1 especializada en piezas de autom\u00f3vil de dise\u00f1o original para el sector de la reparaci\u00f3n posventa, clientes industriales y fabricantes de veh\u00edculos especiales OEM.<\/div>\n<div>Nuestro equipo tiene m\u00e1s de 28 a\u00f1os de experiencia en la fabricaci\u00f3n y el suministro de piezas de automoci\u00f3n a escala mundial.<\/div>\n<div>Nuestra MISI\u00d3N es ofrecer productos de dise\u00f1o original con una calidad impecable y una sustituci\u00f3n personalizada.<\/div>\n<div>Nuestra VISI\u00d3N es promover el crecimiento y un valor inigualable para nuestros clientes.<\/div>\n","protected":false},"excerpt":{"rendered":"<p>M009T65971-COM. En stock. Ref: M009T65971, 2029376, 2031368, M009T65971ZA, DITA 20579 &#8211; compatible con: -. Marca: COM Automotive &#8211; Producto con calidad y dise\u00f1o originales. Compatible con Mitsubishi<\/p>\n","protected":false},"featured_media":20534,"comment_status":"open","ping_status":"closed","template":"","meta":[],"product_brand":[],"product_cat":[8119],"product_tag":[9441,41863,9448,9446],"class_list":{"0":"post-15201","1":"product","2":"type-product","3":"status-publish","4":"has-post-thumbnail","6":"product_cat-motor-de-arranque","7":"product_tag-2031368-es","8":"product_tag-6000-65971-com","9":"product_tag-dita-20579-es","10":"product_tag-m009t65971za-es","12":"first","13":"instock","14":"taxable","15":"shipping-taxable","16":"purchasable","17":"product-type-simple"},"_links":{"self":[{"href":"https:\/\/com-automotive.com\/es\/wp-json\/wp\/v2\/product\/15201","targetHints":{"allow":["GET"]}}],"collection":[{"href":"https:\/\/com-automotive.com\/es\/wp-json\/wp\/v2\/product"}],"about":[{"href":"https:\/\/com-automotive.com\/es\/wp-json\/wp\/v2\/types\/product"}],"replies":[{"embeddable":true,"href":"https:\/\/com-automotive.com\/es\/wp-json\/wp\/v2\/comments?post=15201"}],"wp:featuredmedia":[{"embeddable":true,"href":"https:\/\/com-automotive.com\/es\/wp-json\/wp\/v2\/media\/20534"}],"wp:attachment":[{"href":"https:\/\/com-automotive.com\/es\/wp-json\/wp\/v2\/media?parent=15201"}],"wp:term":[{"taxonomy":"product_brand","embeddable":true,"href":"https:\/\/com-automotive.com\/es\/wp-json\/wp\/v2\/product_brand?post=15201"},{"taxonomy":"product_cat","embeddable":true,"href":"https:\/\/com-automotive.com\/es\/wp-json\/wp\/v2\/product_cat?post=15201"},{"taxonomy":"product_tag","embeddable":true,"href":"https:\/\/com-automotive.com\/es\/wp-json\/wp\/v2\/product_tag?post=15201"}],"curies":[{"name":"wp","href":"https:\/\/api.w.org\/{rel}","templated":true}]}}