{"id":15162,"date":"2024-03-14T11:00:23","date_gmt":"2024-03-14T14:00:23","guid":{"rendered":"https:\/\/com-automotive.com\/alternador-12v-120a-11204640-tractor-massey\/"},"modified":"2024-06-01T19:18:49","modified_gmt":"2024-06-01T22:18:49","slug":"alternador-12v-120a-11204640-tractor-massey","status":"publish","type":"product","link":"https:\/\/com-automotive.com\/es\/alternador-12v-120a-11204640-tractor-massey\/","title":{"rendered":"Alternador 12V 120A 11204640 Tractor Massey<span class=\"product-sku\" style=\"display: block; font-size: 0.85em; color: #777; margin-top: 5px; margin-bottom: 5px;\">SKU: 8000.4640-COM<\/span>"},"content":{"rendered":"<h1><strong>COM-AUTOMOTIVE, calidad de dise\u00f1o original.<\/strong><\/h1>\n<p>Alternador 12V 120A 11204640 Tractor Massey<\/p>\n<h2>Preguntas m\u00e1s frecuentes<\/h2>\n<h3><strong>\u00bfCu\u00e1les son las referencias cruzadas?<\/strong><\/h3>\n<p>11204640, AAK4922, IA1296, 83679100, 87419387, 87576053, 11203540, 11204311, AAK4384, AAK4395, 87701837,, MG117, ZEN 41024, EURO 70642<\/p>\n<h2><strong>Tabla de aplicaci\u00f3n<\/strong><\/h2>\n<p>TC5070 TC5090 TM155 TM165 TM7040 TS6040 TRACTOR MX135 MX150 MX180 MASSEY FERGUSON\u00bb<\/p>\n<div>ATENCI\u00d3N:<\/div>\n<div>Recomendamos que el producto sea instalado por un profesional formado y especializado.<\/div>\n<div>S\u00f3lo compra este producto si est\u00e1s seguro de que es compatible con tu veh\u00edculo. Si tienes alguna duda, no dudes en ponerte en contacto con nosotros. Nuestro horario de apertura es de lunes a viernes de 8 a 18 h.<\/div>\n<div><\/div>\n<div>Sobre nosotros<\/div>\n<div>COM Automotive est\u00e1 especializada en piezas de autom\u00f3vil de dise\u00f1o original para el sector de la reparaci\u00f3n posventa, clientes industriales y fabricantes de veh\u00edculos especiales OEM.<\/div>\n<div>Nuestro equipo tiene m\u00e1s de 28 a\u00f1os de experiencia en la fabricaci\u00f3n y el suministro de piezas de automoci\u00f3n a escala mundial.<\/div>\n<div>Nuestra MISI\u00d3N es ofrecer productos de dise\u00f1o original con una calidad impecable y una sustituci\u00f3n personalizada.<\/div>\n<div>Nuestra VISI\u00d3N es promover el crecimiento y un valor inigualable para nuestros clientes.<\/div>\n","protected":false},"excerpt":{"rendered":"<p>11204640-COM. En stock. Ref: 11204640, AAK4922, IA1296, 83679100, 87419387, 87576053, 11203540, 11204311, AAK4384, AAK4395, 87701837, MG117, ZEN 41024, EURO 70642 &#8211; compatible con: Massey. Marca: COM Automotive &#8211; Producto con calidad y dise\u00f1o originales. Compatible con Mahle \/ Iskra<\/p>\n","protected":false},"featured_media":20820,"comment_status":"open","ping_status":"closed","template":"","meta":[],"product_brand":[],"product_cat":[8109],"product_tag":[9158,9160,9149,9153,9155,9156,9162,9164,9151,9171,9147,9167,9169],"class_list":{"0":"post-15162","1":"product","2":"type-product","3":"status-publish","4":"has-post-thumbnail","6":"product_cat-alternador-es-2","7":"product_tag-11203540-es","8":"product_tag-11204311-es","9":"product_tag-11204640-es","10":"product_tag-83679100-es","11":"product_tag-87419387-es","12":"product_tag-87576053-es","13":"product_tag-aak4384-es","14":"product_tag-aak4395-es","15":"product_tag-aak4922-es","16":"product_tag-euro-70642-es","17":"product_tag-ia1296-es","18":"product_tag-mg117-es","19":"product_tag-zen-41024-es","21":"first","22":"instock","23":"taxable","24":"shipping-taxable","25":"purchasable","26":"product-type-simple"},"_links":{"self":[{"href":"https:\/\/com-automotive.com\/es\/wp-json\/wp\/v2\/product\/15162","targetHints":{"allow":["GET"]}}],"collection":[{"href":"https:\/\/com-automotive.com\/es\/wp-json\/wp\/v2\/product"}],"about":[{"href":"https:\/\/com-automotive.com\/es\/wp-json\/wp\/v2\/types\/product"}],"replies":[{"embeddable":true,"href":"https:\/\/com-automotive.com\/es\/wp-json\/wp\/v2\/comments?post=15162"}],"wp:featuredmedia":[{"embeddable":true,"href":"https:\/\/com-automotive.com\/es\/wp-json\/wp\/v2\/media\/20820"}],"wp:attachment":[{"href":"https:\/\/com-automotive.com\/es\/wp-json\/wp\/v2\/media?parent=15162"}],"wp:term":[{"taxonomy":"product_brand","embeddable":true,"href":"https:\/\/com-automotive.com\/es\/wp-json\/wp\/v2\/product_brand?post=15162"},{"taxonomy":"product_cat","embeddable":true,"href":"https:\/\/com-automotive.com\/es\/wp-json\/wp\/v2\/product_cat?post=15162"},{"taxonomy":"product_tag","embeddable":true,"href":"https:\/\/com-automotive.com\/es\/wp-json\/wp\/v2\/product_tag?post=15162"}],"curies":[{"name":"wp","href":"https:\/\/api.w.org\/{rel}","templated":true}]}}