{"id":15149,"date":"2024-01-03T15:48:03","date_gmt":"2024-01-03T18:48:03","guid":{"rendered":"https:\/\/com-automotive.com\/alternador-24v-100a-6033gb3023-a0091549902-mb-1720-atego-actros-2005\/"},"modified":"2024-08-19T09:22:46","modified_gmt":"2024-08-19T12:22:46","slug":"alternador-24v-100a-6033gb3023-a0091549902-mb-1720-atego-actros-2005","status":"publish","type":"product","link":"https:\/\/com-automotive.com\/es\/alternador-24v-100a-6033gb3023-a0091549902-mb-1720-atego-actros-2005\/","title":{"rendered":"Alternador 24V 100A compatible 6033GB3023 A0091549902 para MB 1720 Atego Actros 2005&gt;<span class=\"product-sku\" style=\"display: block; font-size: 0.85em; color: #777; margin-top: 5px; margin-bottom: 5px;\">SKU: 8000.1151-COM<\/span>"},"content":{"rendered":"<h1><strong>COM-AUTOMOTIVE, calidad de dise\u00f1o original.<\/strong><\/h1>\n<p> 0120501151 6033GB3023 24V 100Amp Alternador sin polea &#8211; Dise\u00f1o: BOSCH MON &#8211; OEM: MERCEDES <\/p>\n<h2>Preguntas m\u00e1s frecuentes<\/h2>\n<h3><strong>\u00bfCu\u00e1les son las referencias cruzadas?<\/strong><\/h3>\n<p> 0120501151,T002000001, 6033GB3023, A0091549902, 1516480R, 1800111482, V836659786, 1G146323A, 9154990280, 91549902, 10154920280, 101540002, 101548902, 101549202, A009154990280, A0101540002, A0101549202, A010154920280, 20402404, 0120,469,982 <\/p>\n<h2><strong>Tabla de aplicaci\u00f3n<\/strong><\/h2>\n<table width=\"1055\">\n<tbody>\n<tr>\n<td width=\"1055\">MERCEDES BENZ ATEGO 2425 , MERCEDES BENZ OM 906 LA OM 906 LA 6.4 L 18V SOHV L6 DIESEL, 2005-2017.<\/td>\n<\/tr>\n<tr>\n<td>MERCEDES BENZ ATEGO 1318 BLUETEC , MERCEDES BENZ OM 904 LA OM 904 LA 4.3 L 12V SOHV L4 DIESEL, 2006-2013.<\/td>\n<\/tr>\n<tr>\n<td>MERCEDES BENZ ATEGO 1418 , MERCEDES BENZ OM 904 LA OM 904 LA 4.3 L 12V SOHV L4 DIESEL, 2004-2018.<\/td>\n<\/tr>\n<tr>\n<td>MERCEDES BENZ ATEGO 1718 , MERCEDES BENZ OM 904 LA OM 904 LA 4.3 L 12V SOHV L4 DIESEL, 2004-2012.<\/td>\n<\/tr>\n<tr>\n<td>MERCEDES BENZ ACTROS 2546\/33 LS , MERCEDES BENZ OM 501 LA OM 501 LA 12.0 L 24V SOHV V6 DIESEL, 2010-2013.<\/td>\n<\/tr>\n<tr>\n<td>MERCEDES BENZ ACTROS 4844 , MERCEDES BENZ OM 501 LA BLUETEC 5 OM 501 LA 12.0 L 24V SOHV V6 DIESEL, 2012-2021.<\/td>\n<\/tr>\n<tr>\n<td>MERCEDES BENZ ATEGO 1725 , MERCEDES BENZ OM 906 LA OM 906 LA 6.4 L 18V SOHV L6 DIESEL, 2004-2019.<\/td>\n<\/tr>\n<tr>\n<td>MERCEDES BENZ ATEGO 1518 , MERCEDES BENZ OM 904 LA OM 904 LA 4.3 L 12V SOHV L4 DIESEL, 2004-2012.<\/td>\n<\/tr>\n<tr>\n<td>MERCEDES BENZ ATEGO 1315 , MERCEDES BENZ OM 904 LA OM 904 LA 4.3 L 12V SOHV L4 DIESEL, 2004-2010.<\/td>\n<\/tr>\n<tr>\n<td>MERCEDES BENZ ACTROS 2546\/33 LS (PLUS) , MERCEDES BENZ OM 501 LA OM 501 LA 12.0 L 24V SOHV V6 DIESEL, 2008-2015.<\/td>\n<\/tr>\n<tr>\n<td>MERCEDES BENZ ACTROS 4844 K , MERCEDES BENZ OM 501 LA OM 501 LA 12.0 L 24V SOHV V6 DIESEL, 2009-2018.<\/td>\n<\/tr>\n<tr>\n<td>MERCEDES BENZ ACTROS 2646\/33 LS , MERCEDES BENZ OM 501 LA OM 501 LA 12.0 L 24V SOHV V6 DIESEL, 2010-2011.<\/td>\n<\/tr>\n<tr>\n<td>MERCEDES BENZ ACTROS 2655 LS , MERCEDES BENZ OM 502 LA OM 502 LA 16.0 L 32V SOHV V8 DIESEL, 2007-2017.<\/td>\n<\/tr>\n<tr>\n<td>MERCEDES BENZ ACTROS 2646\/33 S , MERCEDES BENZ OM 501 LA OM 501 LA 12.0 L 24V SOHV V6 DIESEL, 2010-2015.<\/td>\n<\/tr>\n<tr>\n<td>MERCEDES BENZ ACTROS 4160 SLT , MERCEDES BENZ OM 502 LA BLUETEC 5 OM 502 LA 16.0 L 32V SOHV V8 DIESEL, 2014-2019. 0120469982<\/td>\n<\/tr>\n<\/tbody>\n<\/table>\n<p>&nbsp;<\/p>\n<div>ATENCI\u00d3N:<\/div>\n<div>Recomendamos que la instalaci\u00f3n de 0120469982 la realice un profesional formado y especializado.<\/div>\n<div>S\u00f3lo adquiera este producto en 0120469982 si est\u00e1 seguro de que es compatible con su veh\u00edculo. Si tiene alguna duda, no dude en ponerse en contacto con nosotros. Nuestro horario de apertura es de lunes a viernes de 8 a 18 h.<\/div>\n<div><\/div>\n<div>Sobre nosotros<\/div>\n<div>COM Automotive est\u00e1 especializada en piezas de autom\u00f3vil de dise\u00f1o original para el sector de la reparaci\u00f3n posventa, clientes industriales y fabricantes de veh\u00edculos especiales OEM.<\/div>\n<div>Nuestro equipo tiene m\u00e1s de 28 a\u00f1os de experiencia en la fabricaci\u00f3n y el suministro de piezas de automoci\u00f3n a escala mundial.<\/div>\n<div>Nuestra MISI\u00d3N es ofrecer productos de dise\u00f1o original con una calidad impecable y una sustituci\u00f3n personalizada.<\/div>\n<div>Nuestra VISI\u00d3N es promover el crecimiento y un valor inigualable para nuestros clientes.<\/div>\n","protected":false},"excerpt":{"rendered":"<p>8000.1151-COM. En stock. Compatible con: 120468145, 6033GB3023, A0091549902, 1516480R, 1800111482, V836659786, 1G146323A, 9154990280, 10154920280, 101540002, 101548902, A009154990280, A0101540002, A0101549202, A010154920280, 20402404, 0120468145, 1986A01060, 0120501151, 1986A01118, 1986A01117, 1986A01102, 1986A01059, 6033GB3083, 6033GB3010, MB8EL012584191, 8EL737758001. Marca: COM Automotive &#8211; Producto con calidad y dise\u00f1o originales.<\/p>\n","protected":false},"featured_media":19175,"comment_status":"open","ping_status":"closed","template":"","meta":[],"product_brand":[],"product_cat":[8109],"product_tag":[9030,9034,27640,27631,27632,27630,27625,27626,9041,9032,9040,9038,9036,27628,27637,9045,9028,9043,27638,27639,27629,27624,27633,27634,27635,27636,27627],"class_list":{"0":"post-15149","1":"product","2":"type-product","3":"status-publish","4":"has-post-thumbnail","6":"product_cat-alternador-es-2","7":"product_tag-0120468145-es","8":"product_tag-0120501151-es","9":"product_tag-0120501151-com-es","10":"product_tag-101540002-es","11":"product_tag-101548902-es","12":"product_tag-10154920280-es","13":"product_tag-1516480r-es","14":"product_tag-1800111482-es","15":"product_tag-1986a01059-es","16":"product_tag-1986a01060-es","17":"product_tag-1986a01102-es","18":"product_tag-1986a01117-es","19":"product_tag-1986a01118-es","20":"product_tag-1g146323a-es","21":"product_tag-20402404-es","22":"product_tag-6033gb3010-es","23":"product_tag-6033gb3023-es","24":"product_tag-6033gb3083-es","25":"product_tag-8el012584191-es","26":"product_tag-8el737758001-es","27":"product_tag-9154990280-es","28":"product_tag-a0091549902-es","29":"product_tag-a009154990280-es","30":"product_tag-a0101540002-es","31":"product_tag-a0101549202-es","32":"product_tag-a010154920280-es","33":"product_tag-v836659786-es","35":"first","36":"instock","37":"taxable","38":"shipping-taxable","39":"purchasable","40":"product-type-simple"},"_links":{"self":[{"href":"https:\/\/com-automotive.com\/es\/wp-json\/wp\/v2\/product\/15149","targetHints":{"allow":["GET"]}}],"collection":[{"href":"https:\/\/com-automotive.com\/es\/wp-json\/wp\/v2\/product"}],"about":[{"href":"https:\/\/com-automotive.com\/es\/wp-json\/wp\/v2\/types\/product"}],"replies":[{"embeddable":true,"href":"https:\/\/com-automotive.com\/es\/wp-json\/wp\/v2\/comments?post=15149"}],"wp:featuredmedia":[{"embeddable":true,"href":"https:\/\/com-automotive.com\/es\/wp-json\/wp\/v2\/media\/19175"}],"wp:attachment":[{"href":"https:\/\/com-automotive.com\/es\/wp-json\/wp\/v2\/media?parent=15149"}],"wp:term":[{"taxonomy":"product_brand","embeddable":true,"href":"https:\/\/com-automotive.com\/es\/wp-json\/wp\/v2\/product_brand?post=15149"},{"taxonomy":"product_cat","embeddable":true,"href":"https:\/\/com-automotive.com\/es\/wp-json\/wp\/v2\/product_cat?post=15149"},{"taxonomy":"product_tag","embeddable":true,"href":"https:\/\/com-automotive.com\/es\/wp-json\/wp\/v2\/product_tag?post=15149"}],"curies":[{"name":"wp","href":"https:\/\/api.w.org\/{rel}","templated":true}]}}