{"id":15147,"date":"2024-01-31T10:09:36","date_gmt":"2024-01-31T13:09:36","guid":{"rendered":"https:\/\/com-automotive.com\/alternador-24v-180a-avi150p2124hp-polea-de-embrague-para-scania-k440-bus\/"},"modified":"2025-05-23T16:59:20","modified_gmt":"2025-05-23T19:59:20","slug":"alternador-24v-180a-avi150p2124hp-polea-de-embrague-para-scania-k440-bus","status":"publish","type":"product","link":"https:\/\/com-automotive.com\/es\/alternador-24v-180a-avi150p2124hp-polea-de-embrague-para-scania-k440-bus\/","title":{"rendered":"Alternador 24V 180A compatible AVI150P2124HP Polea de rueda libre para Scania K440 K500 Bus<span class=\"product-sku\" style=\"display: block; font-size: 0.85em; color: #777; margin-top: 5px; margin-bottom: 5px;\">SKU: 8000.2124-COM<\/span>"},"content":{"rendered":"<h1><strong>COM-AUTOMOTIVE, calidad de dise\u00f1o original.<\/strong><\/h1>\n<h2>Preguntas m\u00e1s frecuentes<\/h2>\n<h3><strong>\u00bfCu\u00e1les son las referencias cruzadas?<\/strong><\/h3>\n<p>2470900, 2573973, 2911438, 570678, KD220551501, 6530818, A150P224, AVI150P2104HP, AVI150P2115HP, AVI150P2124HP<\/p>\n<h2><strong>Tabla de aplicaci\u00f3n<\/strong><\/h2>\n<p>Autob\u00fas Scania K440<\/p>\n<div><\/div>\n<div>ATENCI\u00d3N:<\/div>\n<div>Recomendamos que la instalaci\u00f3n la realice un profesional formado y especializado.<\/div>\n<div>Solo adquiere este producto con la certeza de que es compatible con tu veh\u00edculo, si tienes dudas, no dudes en buscarnos. Nuestro horario de apertura es de lunes a viernes de 8 a 18 h.<\/div>\n<div><\/div>\n<div>Sobre nosotros<\/div>\n<div>COM Automotive est\u00e1 especializada en piezas de autom\u00f3vil de dise\u00f1o original para el sector de la reparaci\u00f3n posventa, clientes industriales y fabricantes de veh\u00edculos especiales OEM.<\/div>\n<div>Nuestro equipo tiene m\u00e1s de 28 a\u00f1os de experiencia en la fabricaci\u00f3n y el suministro de piezas de automoci\u00f3n a escala mundial.<\/div>\n<div>Nuestra MISI\u00d3N es ofrecer productos de dise\u00f1o original con una calidad impecable y una sustituci\u00f3n personalizada.<\/div>\n<div>Nuestra VISI\u00d3N es promover el crecimiento y un valor inigualable para nuestros clientes.<\/div>\n","protected":false},"excerpt":{"rendered":"<p>8000.2124-COM. Compatible con: 2470900, 2573973, 2911438, 570678, KD220551501, SX0001570718, SC0000573229, SC0000570718, GB250551501, 2920858, 2905970, 2853478, 2572595, 248165, 51230084, 3149616, OM18, 6530818, A150P224, AVI150P2104HP, AVI150P2115HP, AVI150P2124HP, A150P214, 80002124. Marca: COM Automotive &#8211; Producto con calidad y dise\u00f1o originales.<\/p>\n","protected":false},"featured_media":19032,"comment_status":"open","ping_status":"closed","template":"","meta":[],"product_brand":[],"product_cat":[8109],"product_tag":[33725,8661,33719,8659,8663,8671,8675,8665,8677,33723,33722,8667,8678,33718,9020,33733,33735,33734,33720,9022,9024,9026,9027,33732,33717,8669,33724,33716,33715,33714],"class_list":{"0":"post-15147","1":"product","2":"type-product","3":"status-publish","4":"has-post-thumbnail","6":"product_cat-alternador-es-2","7":"product_tag-0551501-es","8":"product_tag-2470900-es","9":"product_tag-248165-es","10":"product_tag-2572595-es","11":"product_tag-2573973-es","12":"product_tag-2853478-es","13":"product_tag-2905970-es","14":"product_tag-2911438-es","15":"product_tag-2920858-es","16":"product_tag-3149616-es","17":"product_tag-51230084-es","18":"product_tag-570678-es","19":"product_tag-570718-es","20":"product_tag-573229-es","21":"product_tag-6530818-es","22":"product_tag-8000-2124-com-es","23":"product_tag-80002124-es","24":"product_tag-80002124-com-es","25":"product_tag-a150p214-es","26":"product_tag-a150p224-es","27":"product_tag-avi150p2104hp-es","28":"product_tag-avi150p2115hp-es","29":"product_tag-avi150p2124hp-es","30":"product_tag-avi150p2124hp-com-es","31":"product_tag-gb250551501-es","32":"product_tag-kd220551501-es","33":"product_tag-om18-es","34":"product_tag-sc0000570718-es","35":"product_tag-sc0000573229-es","36":"product_tag-sx0001570718-es","38":"first","39":"instock","40":"taxable","41":"shipping-taxable","42":"purchasable","43":"product-type-simple"},"_links":{"self":[{"href":"https:\/\/com-automotive.com\/es\/wp-json\/wp\/v2\/product\/15147","targetHints":{"allow":["GET"]}}],"collection":[{"href":"https:\/\/com-automotive.com\/es\/wp-json\/wp\/v2\/product"}],"about":[{"href":"https:\/\/com-automotive.com\/es\/wp-json\/wp\/v2\/types\/product"}],"replies":[{"embeddable":true,"href":"https:\/\/com-automotive.com\/es\/wp-json\/wp\/v2\/comments?post=15147"}],"wp:featuredmedia":[{"embeddable":true,"href":"https:\/\/com-automotive.com\/es\/wp-json\/wp\/v2\/media\/19032"}],"wp:attachment":[{"href":"https:\/\/com-automotive.com\/es\/wp-json\/wp\/v2\/media?parent=15147"}],"wp:term":[{"taxonomy":"product_brand","embeddable":true,"href":"https:\/\/com-automotive.com\/es\/wp-json\/wp\/v2\/product_brand?post=15147"},{"taxonomy":"product_cat","embeddable":true,"href":"https:\/\/com-automotive.com\/es\/wp-json\/wp\/v2\/product_cat?post=15147"},{"taxonomy":"product_tag","embeddable":true,"href":"https:\/\/com-automotive.com\/es\/wp-json\/wp\/v2\/product_tag?post=15147"}],"curies":[{"name":"wp","href":"https:\/\/api.w.org\/{rel}","templated":true}]}}