{"id":15144,"date":"2024-01-03T15:38:24","date_gmt":"2024-01-03T18:38:24","guid":{"rendered":"https:\/\/com-automotive.com\/14v-vr1-regulador-lin-b3e\/"},"modified":"2024-01-03T15:38:24","modified_gmt":"2024-01-03T18:38:24","slug":"14v-vr1-regulador-lin-b3e","status":"publish","type":"product","link":"https:\/\/com-automotive.com\/es\/14v-vr1-regulador-lin-b3e\/","title":{"rendered":"14V VR1 Regulador LIN B3E<span class=\"product-sku\" style=\"display: block; font-size: 0.85em; color: #777; margin-top: 5px; margin-bottom: 5px;\">SKU: 8100.0856-COM<\/span>"},"content":{"rendered":"<h1><strong>COM-AUTOMOTIVE, calidad de dise\u00f1o original.<\/strong><\/h1>\n<p>REGULADOR 0272220856 14V 110AVOLKSWAGEN POLO 1.6 MSI DESPU\u00c9S DE 2016 VIRTUS 1.6 16V DESPU\u00c9S DE 2018<\/p>\n<h2>Preguntas m\u00e1s frecuentes<\/h2>\n<h3><strong>\u00bfCu\u00e1les son las referencias cruzadas?<\/strong><\/h3>\n<p>0272220856, 0272220856 IKRO, IK5046<\/p>\n<h2><strong>Tabla de aplicaci\u00f3n<\/strong><\/h2>\n<p>ALTERNADOR: F000.BL0.6Z7 (VOLKSWAGEN POLO MSI G-4, EA211 CNXC 1.6 L 16V DOHC L4 FLEX, 2017-2023.<br \/>\nVOLKSWAGEN VIRTUS MSI G-1, EA211 CNXC 1.6 L 16V DOHC L4 FLEX, 2019-2023.<br \/>\nVOLKSWAGEN VIRTUS 1.6 AT G-1, EA211 CNXC 1.6 L 16V DOHC L4 FLEX, 2019-2023.<br \/>\nVOLKSWAGEN POLO 1.6 AT G-4, EA211 CNXC 1.6 L 16V DOHC L4 FLEX, 2019-2023.<br \/>\nVOLKSWAGEN VIRTUS SENSE G-1, EA211 CNXC 1.6 L 16V DOHC L4 FLEX, 2019-2023. )<\/p>\n<p>F000.BL0.6Z8<br \/>\nF000.BL0.7DK<br \/>\nVW: 04C 903 023 H<\/p>\n<p>ATENCI\u00d3N:<br \/>\nRecomendamos que la instalaci\u00f3n la realice un profesional formado y especializado.<br \/>\nS\u00f3lo compra este producto si est\u00e1s seguro de que es compatible con tu veh\u00edculo. Si tienes alguna duda, no dudes en ponerte en contacto con nosotros. Nuestro horario de apertura es de lunes a viernes de 8 a 18 h.<\/p>\n<p>Sobre nosotros<br \/>\nCOM Automotive est\u00e1 especializada en piezas de autom\u00f3vil de dise\u00f1o original para el sector de la reparaci\u00f3n posventa, clientes industriales y fabricantes de veh\u00edculos especiales OEM.<br \/>\nNuestro equipo tiene m\u00e1s de 28 a\u00f1os de experiencia en la fabricaci\u00f3n y el suministro de piezas de automoci\u00f3n a escala mundial.<br \/>\nNuestra MISI\u00d3N es ofrecer productos de dise\u00f1o original con una calidad impecable y una sustituci\u00f3n personalizada.<br \/>\nNuestra VISI\u00d3N es promover el crecimiento y un valor inigualable para nuestros clientes.<\/p>\n","protected":false},"excerpt":{"rendered":"<p>0272220856-COM. En stock. Ref: 0272220856, 0272220856, IK5046 &#8211; compatible con: varios. Marca: COM Automotive &#8211; Producto con calidad y dise\u00f1o originales. Compatible con Bosch<\/p>\n","protected":false},"featured_media":20698,"comment_status":"open","ping_status":"closed","template":"","meta":[],"product_brand":[],"product_cat":[8489],"product_tag":[9010,9012],"class_list":{"0":"post-15144","1":"product","2":"type-product","3":"status-publish","4":"has-post-thumbnail","6":"product_cat-regulador","7":"product_tag-0272220856-es","8":"product_tag-ik5046-es","10":"first","11":"instock","12":"taxable","13":"shipping-taxable","14":"purchasable","15":"product-type-simple"},"_links":{"self":[{"href":"https:\/\/com-automotive.com\/es\/wp-json\/wp\/v2\/product\/15144","targetHints":{"allow":["GET"]}}],"collection":[{"href":"https:\/\/com-automotive.com\/es\/wp-json\/wp\/v2\/product"}],"about":[{"href":"https:\/\/com-automotive.com\/es\/wp-json\/wp\/v2\/types\/product"}],"replies":[{"embeddable":true,"href":"https:\/\/com-automotive.com\/es\/wp-json\/wp\/v2\/comments?post=15144"}],"wp:featuredmedia":[{"embeddable":true,"href":"https:\/\/com-automotive.com\/es\/wp-json\/wp\/v2\/media\/20698"}],"wp:attachment":[{"href":"https:\/\/com-automotive.com\/es\/wp-json\/wp\/v2\/media?parent=15144"}],"wp:term":[{"taxonomy":"product_brand","embeddable":true,"href":"https:\/\/com-automotive.com\/es\/wp-json\/wp\/v2\/product_brand?post=15144"},{"taxonomy":"product_cat","embeddable":true,"href":"https:\/\/com-automotive.com\/es\/wp-json\/wp\/v2\/product_cat?post=15144"},{"taxonomy":"product_tag","embeddable":true,"href":"https:\/\/com-automotive.com\/es\/wp-json\/wp\/v2\/product_tag?post=15144"}],"curies":[{"name":"wp","href":"https:\/\/api.w.org\/{rel}","templated":true}]}}