{"id":15141,"date":"2024-01-03T15:38:22","date_gmt":"2024-01-03T18:38:22","guid":{"rendered":"https:\/\/com-automotive.com\/regulador-24v-150a-f00ma45256-mercedes-benz\/"},"modified":"2025-06-20T09:46:38","modified_gmt":"2025-06-20T12:46:38","slug":"regulador-24v-150a-f00ma45256-mercedes-benz","status":"publish","type":"product","link":"https:\/\/com-automotive.com\/es\/regulador-24v-150a-f00ma45256-mercedes-benz\/","title":{"rendered":"Regulador de 24V 150A compatible F00M144121 F00MA45256 para MB<span class=\"product-sku\" style=\"display: block; font-size: 0.85em; color: #777; margin-top: 5px; margin-bottom: 5px;\">SKU: 8100.0256-COM<\/span>"},"content":{"rendered":"<h1><strong>COM-AUTOMOTIVE, producto con Calidad y Dise\u00f1o Original.<\/strong><\/h1>\n<p>Regulador de 24V 150A compatible F00M144121 F00MA45256 para MB<\/p>\n<h2>Preguntas m\u00e1s frecuentes<\/h2>\n<h3><strong>\u00bfCu\u00e1les son las referencias cruzadas de este producto de la marca COM Automotive?<\/strong><\/h3>\n<p>F00MA45256, A4601500450, A0001508250, F00MA45245, F00M144184, F00M144121, F00MA45247, 1986AE0107, F00MA45256, F00M485293, F00M485233, IK5307, IB297, 87715948, 1450808, 1624197, 1794477, 1806492, 1920315, 2004300, 2123080, 42576386, 42577868, 42537055, 42540208, 42560643, 01182475, 04510249, 1182475, 4510249, 0001542405, A0001542405, 7420523391, 20523391<\/p>\n<h2><strong>Tabla de aplicaci\u00f3n<\/strong><\/h2>\n<table style=\"height: 2674px;\" width=\"1218\">\n<tbody>\n<tr>\n<td width=\"1093\">MODIFICACI\u00d3N: 0124.655.594 (MERCEDES BENZ L 1620 , MERCEDES BENZ OM 906 LA OM 906 LA 6.4 L 18V SOHV L6 DIESEL, 2006-2017.<\/td>\n<\/tr>\n<tr>\n<td>MERCEDES BENZ ATEGO 2426\/36 , MERCEDES BENZ OM 926 LA BLUETEC 5 OM 926 LA 7.2 L 18V SOHV L6 DIESEL, 2012-2023.<\/td>\n<\/tr>\n<tr>\n<td>MERCEDES BENZ ATEGO 2425 , MERCEDES BENZ OM 906 LA OM 906 LA 6.4 L 18V SOHV L6 DIESEL, 2005-2017.<\/td>\n<\/tr>\n<tr>\n<td>MERCEDES BENZ O 500 M 1826 , MERCEDES BENZ OM 926 LA BLUETEC 5 OM 926 LA 7.2 L 18V SOHV L6 DIESEL, 2012-2019.<\/td>\n<\/tr>\n<tr>\n<td>MERCEDES BENZ ATRON 2324\/51 , MERCEDES BENZ OM 926 LA BLUETEC 5 OM 926 LA 7.2 L 18V SOHV L6 DIESEL, 2012-2018.<\/td>\n<\/tr>\n<tr>\n<td>MERCEDES BENZ DE 1724 EV , MERCEDES BENZ OM 926 LA BLUETEC 5 OM 926 LA 7.2 L 18V SOHV L6 DIESEL, 2012-2018.<\/td>\n<\/tr>\n<tr>\n<td>MERCEDES BENZ ATRON 2729\/36 , MERCEDES BENZ OM 926 LA BLUETEC 5 OM 926 LA 7.2 L 18V SOHV L6 DIESEL, 2013-2023.<\/td>\n<\/tr>\n<tr>\n<td>MERCEDES BENZ AXOR 2831 , MERCEDES BENZ OM 926 LA OM 926 LA 7.2 L 18V SOHV L6 DIESEL, 2006-2020.<\/td>\n<\/tr>\n<tr>\n<td>MERCEDES BENZ AXOR 1933\/36 , MERCEDES BENZ OM 926 LA OM 926 LA 7.2 L 18V SOHV L6 DIESEL, 2005-2012.<\/td>\n<\/tr>\n<tr>\n<td>MERCEDES BENZ AXOR 1933\/36 , MERCEDES BENZ OM 926 LA BLUETEC 5 OM 926 LA 7.2 L 18V SOHV L6 DIESEL, 2012-2023.<\/td>\n<\/tr>\n<tr>\n<td>MERCEDES BENZ 2423 K , MERCEDES BENZ OM 906 LA OM 906 LA 6.4 L 18V SOHV L6 DIESEL, 1999-2020.<\/td>\n<\/tr>\n<tr>\n<td>MERCEDES BENZ 2726 , MERCEDES BENZ OM 906 LA OM 906 LA 6.4 L 18V SOHV L6 DIESEL, 2008-2019.<\/td>\n<\/tr>\n<tr>\n<td>MERCEDES BENZ ATEGO 3030\/48 , MERCEDES BENZ OM 926 LA BLUETEC 5 OM 926 LA 7.2 L 18V SOHV L6 DIESEL, 2016-2023.<\/td>\n<\/tr>\n<tr>\n<td>MERCEDES BENZ ATEGO 2430\/36 , MERCEDES BENZ OM 926 LA BLUETEC 5 OM 926 LA 7.2 L 18V SOHV L6 DIESEL, 2013-2019.<\/td>\n<\/tr>\n<tr>\n<td>MERCEDES BENZ ATEGO 2430\/36 ECONFORT , MERCEDES BENZ OM 926 LA BLUETEC 5 OM 926 LA 7.2 L 18V SOHV L6 DIESEL, 2015-2023.<\/td>\n<\/tr>\n<tr>\n<td>MERCEDES BENZ AXOR 3131\/36 , MERCEDES BENZ OM 926 LA BLUETEC 5 OM 926 LA 7.2 L 18V SOHV L6 DIESEL, 2011-2023.<\/td>\n<\/tr>\n<tr>\n<td>MERCEDES BENZ O 500 M 1726 , MERCEDES BENZ OM 906 LA OM 906 LA 6.4 L 18V SOHV L6 DIESEL, 2006-2013.<\/td>\n<\/tr>\n<tr>\n<td>MERCEDES BENZ ATEGO 2426\/48 , MERCEDES BENZ OM 926 LA BLUETEC 5 OM 926 LA 7.2 L 18V SOHV L6 DIESEL, 2012-2019.<\/td>\n<\/tr>\n<tr>\n<td>MERCEDES BENZ O 500 R 1830 , MERCEDES BENZ OM 926 LA BLUETEC 5 OM 926 LA 7.2 L 18V SOHV L6 DIESEL, 2015-2023.<\/td>\n<\/tr>\n<tr>\n<td>MERCEDES BENZ ATEGO 2426\/54 , MERCEDES BENZ OM 926 LA BLUETEC 5 OM 926 LA 7.2 L 18V SOHV L6 DIESEL, 2012-2019.<\/td>\n<\/tr>\n<tr>\n<td>MERCEDES BENZ O 500 R 1830 , MERCEDES BENZ OM 926 LA OM 926 LA 7.2 L 18V SOHV L6 DIESEL, 2005-2013.<\/td>\n<\/tr>\n<tr>\n<td>MERCEDES BENZ ATEGO 1729\/36 , MERCEDES BENZ OM 926 LA BLUETEC 5 OM 926 LA 7.2 L 18V SOHV L6 DIESEL, 2012-2023.<\/td>\n<\/tr>\n<tr>\n<td>MERCEDES BENZ AXOR 3131\/48 , MERCEDES BENZ OM 926 LA BLUETEC 5 OM 926 LA 7.2 L 18V SOHV L6 DIESEL, 2014-2019.<\/td>\n<\/tr>\n<tr>\n<td>MERCEDES BENZ DE 1724 L , MERCEDES BENZ OM 926 LA BLUETEC 5 OM 926 LA 7.2 L 18V SOHV L6 DIESEL, 2015-2018.<\/td>\n<\/tr>\n<tr>\n<td>MERCEDES BENZ O 500 M 1725 , MERCEDES BENZ OM 906 LA OM 906 LA 6.4 L 18V SOHV L6 DIESEL, 2001-2008.<\/td>\n<\/tr>\n<tr>\n<td>MERCEDES BENZ ATEGO 1726\/36 , MERCEDES BENZ OM 926 LA BLUETEC 5 OM 926 LA 7.2 L 18V SOHV L6 DIESEL, 2011-2023.<\/td>\n<\/tr>\n<tr>\n<td>MERCEDES BENZ O 500 U 1726 , MERCEDES BENZ OM 906 LA OM 906 LA 6.4 L 18V SOHV L6 DIESEL, 2007-2013.<\/td>\n<\/tr>\n<tr>\n<td>MERCEDES BENZ ATRON 2729\/48 , MERCEDES BENZ OM 926 LA BLUETEC 5 OM 926 LA 7.2 L 18V SOHV L6 DIESEL, 2013-2018.<\/td>\n<\/tr>\n<tr>\n<td>MERCEDES BENZ ATEGO 1725 , MERCEDES BENZ OM 906 LA OM 906 LA 6.4 L 18V SOHV L6 DIESEL, 2004-2019.<\/td>\n<\/tr>\n<tr>\n<td>MERCEDES BENZ ATEGO 2429 36\/48\/54 , MERCEDES BENZ OM 926 LA BLUETEC 5 OM 926 LA 7.2 L 18V SOHV L6 DIESEL, 2012-2019.<\/td>\n<\/tr>\n<tr>\n<td>MERCEDES BENZ ATEGO 2428 , MERCEDES BENZ OM 926 LA OM 926 LA 7.2 L 18V SOHV L6 DIESEL, 2007-2015.<\/td>\n<\/tr>\n<tr>\n<td>MERCEDES BENZ O 500 ARTICULADO , MERCEDES BENZ OM 926 LA OM 926 LA 7.2 L 18V SOHV L6 DIESEL, 2006-2013.<\/td>\n<\/tr>\n<tr>\n<td>MERCEDES BENZ ATEGO 1726\/42 TRACCI\u00d3N TOTAL , MERCEDES BENZ OM 926 LA BLUETEC 5 OM 926 LA 7.2 L 18V SOHV L6 DIESEL, 2013-2023.<\/td>\n<\/tr>\n<tr>\n<td>MERCEDES BENZ ATEGO 3030\/54 , MERCEDES BENZ OM 926 LA BLUETEC 5 OM 926 LA 7.2 L 18V SOHV L6 DIESEL, 2016-2019.<\/td>\n<\/tr>\n<tr>\n<td>MERCEDES BENZ O 500 R , MERCEDES BENZ OM 926 LA BLUETEC 5 OM 926 LA 7.2 L 18V SOHV L6 DIESEL, 2012-2023.<\/td>\n<\/tr>\n<tr>\n<td>MERCEDES BENZ 2428 , MERCEDES BENZ OM 906 LA OM 906 LA 6.4 L 18V SOHV L6 DIESEL, 2001-2006.<\/td>\n<\/tr>\n<tr>\n<td>MERCEDES BENZ ATEGO 3026\/48 , MERCEDES BENZ OM 926 LA BLUETEC 5 OM 926 LA 7.2 L 18V SOHV L6 DIESEL, 2016-2023.<\/td>\n<\/tr>\n<tr>\n<td>MERCEDES BENZ ATEGO 1726\/42 , MERCEDES BENZ OM 926 LA BLUETEC 5 OM 926 LA 7.2 L 18V SOHV L6 DIESEL, 2011-2019.<\/td>\n<\/tr>\n<tr>\n<td>MERCEDES BENZ ATEGO 1726\/48 , MERCEDES BENZ OM 926 LA BLUETEC 5 OM 926 LA 7.2 L 18V SOHV L6 DIESEL, 2011-2019.<\/td>\n<\/tr>\n<tr>\n<td>MERCEDES BENZ ATEGO 1726\/54 , MERCEDES BENZ OM 926 LA BLUETEC 5 OM 926 LA 7.2 L 18V SOHV L6 DIESEL, 2011-2019.<\/td>\n<\/tr>\n<tr>\n<td>MERCEDES BENZ AXOR 2533\/48 , MERCEDES BENZ OM 926 LA OM 926 LA 7.2 L 18V SOHV L6 DIESEL, 2005-2016.<\/td>\n<\/tr>\n<tr>\n<td>MERCEDES BENZ DE 1724 , MERCEDES BENZ OM 926 LA BLUETEC 5 OM 926 LA 7.2 L 18V SOHV L6 DIESEL, 2015-2023.<\/td>\n<\/tr>\n<tr>\n<td>MERCEDES BENZ ATEGO 2430\/48 , MERCEDES BENZ OM 926 LA BLUETEC 5 OM 926 LA 7.2 L 18V SOHV L6 DIESEL, 2015-2019.<\/td>\n<\/tr>\n<tr>\n<td>MERCEDES BENZ O 500 M BUGGY , MERCEDES BENZ OM 926 LA BLUETEC 5 OM 926 LA 7.2 L 18V SOHV L6 DIESEL, 2012-2016.<\/td>\n<\/tr>\n<tr>\n<td>MERCEDES BENZ 1728 , MERCEDES BENZ OM 906 LA OM 906 LA 6.4 L 18V SOHV L6 DIESEL, 2003-2006.<\/td>\n<\/tr>\n<tr>\n<td>MERCEDES BENZ AXOR 2826 , MERCEDES BENZ OM 906 LA OM 906 LA 6.4 L 18V SOHV L6 DIESEL, 2006-2019.<\/td>\n<\/tr>\n<tr>\n<td>MERCEDES BENZ ATEGO 2430\/48 ECONFORT , MERCEDES BENZ OM 926 LA BLUETEC 5 OM 926 LA 7.2 L 18V SOHV L6 DIESEL, 2015-2019.<\/td>\n<\/tr>\n<tr>\n<td>MERCEDES BENZ O 500 R 1632 , MERCEDES BENZ OM 926 LA OM 926 LA 7.2 L 18V SOHV L6 DIESEL, 2002-2005.<\/td>\n<\/tr>\n<tr>\n<td>MERCEDES BENZ ATEGO 2430\/54 , MERCEDES BENZ OM 926 LA BLUETEC 5 OM 926 LA 7.2 L 18V SOHV L6 DIESEL, 2015-2019.<\/td>\n<\/tr>\n<tr>\n<td>MERCEDES BENZ ATEGO 1729\/48 , MERCEDES BENZ OM 926 LA BLUETEC 5 OM 926 LA 7.2 L 18V SOHV L6 DIESEL, 2013-2019.<\/td>\n<\/tr>\n<tr>\n<td>MERCEDES BENZ ATEGO 3026\/54 , MERCEDES BENZ OM 926 LA BLUETEC 5 OM 926 LA 7.2 L 18V SOHV L6 DIESEL, 2016-2019.<\/td>\n<\/tr>\n<tr>\n<td>MERCEDES BENZ O 500 U 1826 , MERCEDES BENZ OM 926 LA BLUETEC 5 OM 926 LA 7.2 L 18V SOHV L6 DIESEL, 2015-2018.<\/td>\n<\/tr>\n<tr>\n<td>MERCEDES BENZ ATEGO 2430\/54 ECONFORT , MERCEDES BENZ OM 926 LA BLUETEC 5 OM 926 LA 7.2 L 18V SOHV L6 DIESEL, 2015-2019.<\/td>\n<\/tr>\n<tr>\n<td>MERCEDES BENZ O 500 M 1826 BUGGY , MERCEDES BENZ OM 926 LA BLUETEC 5 OM 926 LA 7.2 L 18V SOHV L6 DIESEL, 2015-2016.<\/td>\n<\/tr>\n<tr>\n<td>MERCEDES BENZ O 500 U , MERCEDES BENZ OM 926 LA BLUETEC 5 OM 926 LA 7.2 L 18V SOHV L6 DIESEL, 2012-2016.<\/td>\n<\/tr>\n<tr>\n<td>MERCEDES BENZ AXOR 2533\/48 SUSPENSI\u00d3N MET\u00c1LICA , MERCEDES BENZ OM 926 LA BLUETEC 5 OM 926 LA 7.2 L 18V SOHV L6 DIESEL, 2011-2023.<\/td>\n<\/tr>\n<tr>\n<td>MERCEDES BENZ AXOR 2831 K , MERCEDES BENZ OM 926 LA BLUETEC 5 OM 926 LA 7.2 L 18V SOHV L6 DIESEL, 2014-2019.<\/td>\n<\/tr>\n<tr>\n<td>MERCEDES BENZ ATEGO 1728 , MERCEDES BENZ OM 926 LA OM 926 LA 7.2 L 18V SOHV L6 DIESEL, 2007-2010.<\/td>\n<\/tr>\n<tr>\n<td>MERCEDES BENZ AXOR 2533\/48 SUSPENSI\u00d3N NEUM\u00c1TICA , MERCEDES BENZ OM 926 LA BLUETEC 5 OM 926 LA 7.2 L 18V SOHV L6 DIESEL, 2011-2019.<\/td>\n<\/tr>\n<tr>\n<td>MERCEDES BENZ O 500 U 1725 , MERCEDES BENZ OM 906 LA OM 906 LA 6.4 L 18V SOHV L6 DIESEL, 2001-2010.<\/td>\n<\/tr>\n<tr>\n<td>MERCEDES BENZ ATEGO 1730\/36 , MERCEDES BENZ OM 926 LA BLUETEC 5 OM 926 LA 7.2 L 18V SOHV L6 DIESEL, 2016-2023.<\/td>\n<\/tr>\n<tr>\n<td>MERCEDES BENZ 2726 K , MERCEDES BENZ OM 906 LA OM 906 LA 6.4 L 18V SOHV L6 DIESEL, 2007-2019.<\/td>\n<\/tr>\n<tr>\n<td>MERCEDES BENZ O 500 M 1728 , MERCEDES BENZ OM 906 LA OM 906 LA 6.4 L 18V SOHV L6 DIESEL, 2005-2005.<\/td>\n<\/tr>\n<tr>\n<td>MERCEDES BENZ AXOR 2831 B , MERCEDES BENZ OM 926 LA BLUETEC 5 OM 926 LA 7.2 L 18V SOHV L6 DIESEL, 2014-2019. )<\/td>\n<\/tr>\n<tr>\n<td><\/td>\n<\/tr>\n<tr>\n<td>0124.655.834 (MERCEDES BENZ ACTROS 2651\/36 TRADESMAN METAL SUSPENSION , MERCEDES BENZ OM 460 LA BLUETEC 5 OM 460 LA 13.0 L 24V SOHV L6 DIESEL, 2016-2023.<\/td>\n<\/tr>\n<tr>\n<td>MERCEDES BENZ ACTROS 2546\/33 , MERCEDES BENZ OM 460 LA BLUETEC 5 OM 460 LA 13.0 L 24V SOHV L6 DIESEL, 2011-2023.<\/td>\n<\/tr>\n<tr>\n<td>MERCEDES BENZ ACTROS 2651\/33 TRADESMAN SUSPENSI\u00d3N NEUM\u00c1TICA , MERCEDES BENZ OM 460 LA BLUETEC 5 OM 460 LA 13.0 L 24V SOHV L6 DIESEL, 2011-2023.<\/td>\n<\/tr>\n<tr>\n<td>MERCEDES BENZ ACTROS 2651\/33 SUSPENSI\u00d3N NEUM\u00c1TICA POLIVALENTE , MERCEDES BENZ OM 460 LA BLUETEC 5 OM 460 LA 13.0 L 24V SOHV L6 DIESEL, 2016-2019.<\/td>\n<\/tr>\n<tr>\n<td>MERCEDES BENZ ACTROS 2646\/33 TRADESMAN SUSPENSI\u00d3N NEUM\u00c1TICA , MERCEDES BENZ OM 460 LA BLUETEC 5 OM 460 LA 13.0 L 24V SOHV L6 DIESEL, 2011-2018.<\/td>\n<\/tr>\n<tr>\n<td>MERCEDES BENZ ACTROS 2646\/36 ESTRADEIRO SUSPENSI\u00d3N MET\u00c1LICA , MERCEDES BENZ OM 460 LA BLUETEC 5 OM 460 LA 13.0 L 24V SOHV L6 DIESEL, 2011-2023.<\/td>\n<\/tr>\n<tr>\n<td>MERCEDES BENZ ACTROS 2646\/33 SUSPENSI\u00d3N NEUM\u00c1TICA POLIVALENTE , MERCEDES BENZ OM 460 LA BLUETEC 5 OM 460 LA 13.0 L 24V SOHV L6 DIESEL, 2011-2023.<\/td>\n<\/tr>\n<tr>\n<td>MERCEDES BENZ ACTROS 2045 LS , MERCEDES BENZ OM 460 LA BLUETEC 5 OM 460 LA 13.0 L 24V SOHV L6 DIESEL, 2019-2023.<\/td>\n<\/tr>\n<tr>\n<td>MERCEDES BENZ ACTROS 2648 LS , MERCEDES BENZ OM 460 LA BLUETEC 5 OM 460 LA 13.0 L 24V SOHV L6 DIESEL, 2019-2023. )<\/td>\n<\/tr>\n<tr>\n<td><\/td>\n<\/tr>\n<tr>\n<td>0124.655.510 (MERCEDES BENZ ACTROS 2640 , DIESEL, .<\/td>\n<\/tr>\n<tr>\n<td>MERCEDES BENZ ACTROS 2644 , DIESEL, .<\/td>\n<\/tr>\n<tr>\n<td>MERCEDES BENZ ACTROS 4044 , DIESEL, .<\/td>\n<\/tr>\n<tr>\n<td>MERCEDES BENZ ACTROS 4140 , DIESEL, .<\/td>\n<\/tr>\n<tr>\n<td>MERCEDES BENZ ACTROS 4144 , DIESEL, .<\/td>\n<\/tr>\n<tr>\n<td>MERCEDES BENZ ACTROS 4640 , DIESEL, .<\/td>\n<\/tr>\n<tr>\n<td>MERCEDES BENZ ACTROS 4644 , MB OM-501 LA DIESEL, .<\/td>\n<\/tr>\n<tr>\n<td>MERCEDES BENZ AXOR 1933 , MERCEDES BENZ MB OM 926 LA 7.2L DIESEL, .<\/td>\n<\/tr>\n<tr>\n<td>MERCEDES BENZ AXOR 2033 , MERCEDES BENZ DIESEL, .<\/td>\n<\/tr>\n<tr>\n<td>MERCEDES BENZ AXOR 3340 , MERCEDES BENZ OM 906 LA DIESEL, .<\/td>\n<\/tr>\n<tr>\n<td>MERCEDES BENZ AXOR 3344 , MERCEDES BENZ MB OM 457 LA DIESEL, .<\/td>\n<\/tr>\n<tr>\n<td>MERCEDES BENZ AXOR 4140 , MERCEDES BENZ DIESEL, .<\/td>\n<\/tr>\n<tr>\n<td>MERCEDES BENZ AXOR 4144 , MERCEDES BENZ MB OM 457 LA DIESEL, . )<\/td>\n<\/tr>\n<tr>\n<td><\/td>\n<\/tr>\n<tr>\n<td><\/td>\n<\/tr>\n<tr>\n<td><\/td>\n<\/tr>\n<tr>\n<td><\/td>\n<\/tr>\n<tr>\n<td><\/td>\n<\/tr>\n<\/tbody>\n<\/table>\n<div><strong>ATENCI\u00d3N:<\/strong><\/div>\n<div>Recomendamos que la instalaci\u00f3n del producto sea realizada por un profesional capacitado y especializado.<\/div>\n<div>Solo realiza la compra de este producto con la certeza de que es compatible con tu veh\u00edculo, si tienes alguna duda, no dudes en ponerte en contacto con nosotros. Nuestro horario de apertura es de lunes a viernes de 8 a 18 h.<\/div>\n<div><\/div>\n<div><strong>SOBRE NOSOTROS:<\/strong><\/div>\n<div>COM Automotive est\u00e1 especializada en piezas de autom\u00f3vil de dise\u00f1o original para el sector de la reparaci\u00f3n posventa, clientes industriales y fabricantes de veh\u00edculos especiales OEM.<\/div>\n<div>Nuestro equipo tiene m\u00e1s de 28 a\u00f1os de experiencia en la fabricaci\u00f3n y el suministro de piezas de automoci\u00f3n a escala mundial.<\/div>\n<div>Nuestra <strong>MISI\u00d3N <\/strong> es ofrecer productos de dise\u00f1o original con una calidad impecable y una sustituci\u00f3n personalizada.<\/div>\n<div>Nuestra <strong>VISI\u00d3N<\/strong> es promover el crecimiento y un valor inigualable para nuestros clientes.<\/div>\n<div><\/div>\n<div><strong>DISE\u00d1O ORIGINAL<\/strong><\/div>\n<div>El t\u00e9rmino \u00abDise\u00f1o Original\u00bb se refiere a la percepci\u00f3n \u00fanica e innovadora y a la propuesta de valor de los productos de COM Automotive, as\u00ed como a la experiencia ofrecida durante su compra. Esto abarca no solo el empaque y la est\u00e9tica del producto, sino tambi\u00e9n la autenticidad y creatividad de la marca. COM Automotive busca ofrecer productos de alta calidad que satisfagan las necesidades de la industria del mercado de repuestos, aline\u00e1ndose con su Visi\u00f3n, Misi\u00f3n y Valores.  <\/div>\n<div><\/div>\n<div><strong>NOTAR:<\/strong><\/div>\n<div>C\u00f3digo de Protecci\u00f3n al Consumidor (CDC): La Ley N\u00b0 8.078, de 11 de septiembre de 1990, establece que la informaci\u00f3n proporcionada al consumidor debe ser clara y precisa. El art\u00edculo 31 del CDC exige que la publicidad y el etiquetado de los productos y servicios sean veraces y no induzcan a error al consumidor. Esto incluye asegurarse de que la informaci\u00f3n sobre la compatibilidad, la marca y las caracter\u00edsticas se describa correctamente para evitar malentendidos. El uso del t\u00e9rmino \u00abcompatible\u00bb tambi\u00e9n est\u00e1 regulado por los grandes mercados en el mercado para la catalogaci\u00f3n adecuada de productos y la aplicaci\u00f3n automotriz.   <\/div>\n<p>MB: A 460 150 04 50&#8243;<\/p>\n","protected":false},"excerpt":{"rendered":"<p>8100.0256-COM. Compatible con: A4601500450, A0001508250, F00MA45245, F00M144184, F00M144121, F00MA45247, 1986AE0107, F00MA45256, F00M485293, F00M485233, IK5307, IB297, 87715948, 1450808, 1624197, 1794477, 1806492, 1920315, 2004300, 2123080, 42576386, 42577868, 42537055, 42540208, 42560643, 01182475, 04510249, 0001542405, A0001542405, 7420523391, 81000256.  Marca: COM Automotive &#8211; Producto con calidad y dise\u00f1o originales.<\/p>\n","protected":false},"featured_media":20279,"comment_status":"open","ping_status":"closed","template":"","meta":[],"product_brand":[],"product_cat":[8489],"product_tag":[36843,36839,36840,36841,36830,36831,36832,36833,36834,8999,36835,36846,9665,36837,36838,9692,36836,9667,36842,36845,36848,36850,36849,9663,36826,36844,36825,10492,36828,36827,10490,8997,36847,36829,8993],"class_list":{"0":"post-15141","1":"product","2":"type-product","3":"status-publish","4":"has-post-thumbnail","6":"product_cat-regulador","7":"product_tag-0001542405-es","8":"product_tag-01182475-es","9":"product_tag-04510249-es","10":"product_tag-1182475-es","11":"product_tag-1450808-es","12":"product_tag-1624197-es","13":"product_tag-1794477-es","14":"product_tag-1806492-es","15":"product_tag-1920315-es","16":"product_tag-1986ae0107-es","17":"product_tag-2004300-es","18":"product_tag-20523391-es","19":"product_tag-2123080-es","20":"product_tag-42537055-es","21":"product_tag-42540208-es","22":"product_tag-42560643-es","23":"product_tag-42576386-es","24":"product_tag-42577868-es","25":"product_tag-4510249-es","26":"product_tag-7420523391-es","27":"product_tag-8100-0256-com-es","28":"product_tag-81000256-es","29":"product_tag-81000256-com-es","30":"product_tag-87715948-es","31":"product_tag-a0001508250-es","32":"product_tag-a0001542405-es","33":"product_tag-a4601500450-es","34":"product_tag-f00m144121-es","35":"product_tag-f00m144184-es","36":"product_tag-f00ma45245-es","37":"product_tag-f00ma45247-es","38":"product_tag-f00ma45256-es","39":"product_tag-f00ma45256-com-es","40":"product_tag-ib297-es","41":"product_tag-ik5307-es","43":"first","44":"instock","45":"taxable","46":"shipping-taxable","47":"purchasable","48":"product-type-simple"},"_links":{"self":[{"href":"https:\/\/com-automotive.com\/es\/wp-json\/wp\/v2\/product\/15141","targetHints":{"allow":["GET"]}}],"collection":[{"href":"https:\/\/com-automotive.com\/es\/wp-json\/wp\/v2\/product"}],"about":[{"href":"https:\/\/com-automotive.com\/es\/wp-json\/wp\/v2\/types\/product"}],"replies":[{"embeddable":true,"href":"https:\/\/com-automotive.com\/es\/wp-json\/wp\/v2\/comments?post=15141"}],"wp:featuredmedia":[{"embeddable":true,"href":"https:\/\/com-automotive.com\/es\/wp-json\/wp\/v2\/media\/20279"}],"wp:attachment":[{"href":"https:\/\/com-automotive.com\/es\/wp-json\/wp\/v2\/media?parent=15141"}],"wp:term":[{"taxonomy":"product_brand","embeddable":true,"href":"https:\/\/com-automotive.com\/es\/wp-json\/wp\/v2\/product_brand?post=15141"},{"taxonomy":"product_cat","embeddable":true,"href":"https:\/\/com-automotive.com\/es\/wp-json\/wp\/v2\/product_cat?post=15141"},{"taxonomy":"product_tag","embeddable":true,"href":"https:\/\/com-automotive.com\/es\/wp-json\/wp\/v2\/product_tag?post=15141"}],"curies":[{"name":"wp","href":"https:\/\/api.w.org\/{rel}","templated":true}]}}