{"id":15138,"date":"2023-12-29T17:28:08","date_gmt":"2023-12-29T20:28:08","guid":{"rendered":"https:\/\/com-automotive.com\/alternador-24v-100a-a004ta8591-para-volvo-bus-b7r-b12r\/"},"modified":"2025-05-23T16:59:23","modified_gmt":"2025-05-23T19:59:23","slug":"alternador-24v-100a-a004ta8591-para-volvo-bus-b7r-b12r","status":"publish","type":"product","link":"https:\/\/com-automotive.com\/es\/alternador-24v-100a-a004ta8591-para-volvo-bus-b7r-b12r\/","title":{"rendered":"Alternador compatible de 24V 100A A004TA8591 para Volvo Bus B7R B12R<span class=\"product-sku\" style=\"display: block; font-size: 0.85em; color: #777; margin-top: 5px; margin-bottom: 5px;\">SKU: 8000.8591-COM<\/span>"},"content":{"rendered":"<h1><strong>COM-AUTOMOTIVE, calidad de dise\u00f1o original.<\/strong><\/h1>\n<p>Alternador Mitsubishi 24V 100Amp. Volvo Bus B7R B12R Deurz KHD Renault . ORIGINALES : A4TA8591 \/ 21289221 \/ 118-3126 \/ 01183126 \/ 183126<\/p>\n<h2>Preguntas m\u00e1s frecuentes<\/h2>\n<h3><strong>\u00bfCu\u00e1les son las referencias cruzadas?<\/strong><\/h3>\n<p>A4TA8591,<\/p>\n<h2><strong>Tabla de aplicaci\u00f3n<\/strong><\/h2>\n<p>Generadores Scania Bus K440 Motores estacionarios Scania . ORIGINAL : A009TU5591 \/ A009TU5591A \/ A9TU5591 \/ A9TU5591A \/ SCANIA 1536236 \/ 1777301 \/ 1777466 \/ 571472<\/p>\n<div><\/div>\n<div>ATENCI\u00d3N:<\/div>\n<div>Recomendamos que la instalaci\u00f3n la realice un profesional formado y especializado.<\/div>\n<div>Solo adquiere este producto con la certeza de que es compatible con tu veh\u00edculo, si tienes dudas, no dudes en buscarnos. Nuestro horario de apertura es de lunes a viernes de 8 a 18 h.<\/div>\n<div><\/div>\n<div>Sobre nosotros<\/div>\n<div>COM Automotive est\u00e1 especializada en piezas de autom\u00f3vil de dise\u00f1o original para el sector de la reparaci\u00f3n posventa, clientes industriales y fabricantes de veh\u00edculos especiales OEM.<\/div>\n<div>Nuestro equipo tiene m\u00e1s de 28 a\u00f1os de experiencia en la fabricaci\u00f3n y el suministro de piezas de automoci\u00f3n a escala mundial.<\/div>\n<div>Nuestra MISI\u00d3N es ofrecer productos de dise\u00f1o original con una calidad impecable y una sustituci\u00f3n personalizada.<\/div>\n<div>Nuestra VISI\u00d3N es promover el crecimiento y un valor inigualable para nuestros clientes.<\/div>\n","protected":false},"excerpt":{"rendered":"<p>8000.8591-COM. Compatible con: 5010589137, 7421289219, 7485003252, 7485003257, 20707050, 20898062, 21289221, 01183126, 01183126KZ, 01182764, 1182336, 20G0508, 30036VLP, A004TA8591, A004TA8191, A4TA8191, 20224N, 80008591.  Marca: COM Automotive &#8211; Producto con calidad y dise\u00f1o originales.<\/p>\n","protected":false},"featured_media":20484,"comment_status":"open","ping_status":"closed","template":"","meta":[],"product_brand":[],"product_cat":[8109],"product_tag":[36552,36557,36558,36559,36553,36554,36555,36556,36561,36563,36562,36560,8984,8980,36551,8982],"class_list":{"0":"post-15138","1":"product","2":"type-product","3":"status-publish","4":"has-post-thumbnail","6":"product_cat-alternador-es-2","7":"product_tag-20224n-es","8":"product_tag-20707050-es","9":"product_tag-20898062-es","10":"product_tag-21289221-es","11":"product_tag-5010589137-es","12":"product_tag-7421289219-es","13":"product_tag-7485003252-es","14":"product_tag-7485003257-es","15":"product_tag-8000-8591-com-es","16":"product_tag-80008591-es","17":"product_tag-80008591-com-es","18":"product_tag-85003257-es","19":"product_tag-a004ta8591-es","20":"product_tag-a004ta8591-com-es","21":"product_tag-a004ta8591com-es","22":"product_tag-a4ta8591-es","24":"first","25":"instock","26":"taxable","27":"shipping-taxable","28":"purchasable","29":"product-type-simple"},"_links":{"self":[{"href":"https:\/\/com-automotive.com\/es\/wp-json\/wp\/v2\/product\/15138","targetHints":{"allow":["GET"]}}],"collection":[{"href":"https:\/\/com-automotive.com\/es\/wp-json\/wp\/v2\/product"}],"about":[{"href":"https:\/\/com-automotive.com\/es\/wp-json\/wp\/v2\/types\/product"}],"replies":[{"embeddable":true,"href":"https:\/\/com-automotive.com\/es\/wp-json\/wp\/v2\/comments?post=15138"}],"wp:featuredmedia":[{"embeddable":true,"href":"https:\/\/com-automotive.com\/es\/wp-json\/wp\/v2\/media\/20484"}],"wp:attachment":[{"href":"https:\/\/com-automotive.com\/es\/wp-json\/wp\/v2\/media?parent=15138"}],"wp:term":[{"taxonomy":"product_brand","embeddable":true,"href":"https:\/\/com-automotive.com\/es\/wp-json\/wp\/v2\/product_brand?post=15138"},{"taxonomy":"product_cat","embeddable":true,"href":"https:\/\/com-automotive.com\/es\/wp-json\/wp\/v2\/product_cat?post=15138"},{"taxonomy":"product_tag","embeddable":true,"href":"https:\/\/com-automotive.com\/es\/wp-json\/wp\/v2\/product_tag?post=15138"}],"curies":[{"name":"wp","href":"https:\/\/api.w.org\/{rel}","templated":true}]}}