{"id":15124,"date":"2023-12-28T18:27:32","date_gmt":"2023-12-28T21:27:32","guid":{"rendered":"https:\/\/com-automotive.com\/alternador-12v-150a-0123515502-para-tractores-john-deere\/"},"modified":"2024-07-30T21:53:18","modified_gmt":"2024-07-31T00:53:18","slug":"alternador-12v-150a-0123515502-para-tractores-john-deere","status":"publish","type":"product","link":"https:\/\/com-automotive.com\/es\/alternador-12v-150a-0123515502-para-tractores-john-deere\/","title":{"rendered":"Alternador 12V 150A 0123515502 para tractores John Deere<span class=\"product-sku\" style=\"display: block; font-size: 0.85em; color: #777; margin-top: 5px; margin-bottom: 5px;\">SKU: 8000.5502-COM<\/span>"},"content":{"rendered":"<h1><strong>COM-AUTOMOTIVE, calidad de dise\u00f1o original.<\/strong><\/h1>\n<p> Tractores John Deere 8120 8220 8220T 8320 8320T 8420 8420T 8520 8520T <\/p>\n<h2>Preguntas m\u00e1s frecuentes<\/h2>\n<h3><strong>\u00bfCu\u00e1les son las referencias cruzadas?<\/strong><\/h3>\n<p> 0124615029, 0124615128, 0124615029, RE185213 RE218703 <\/p>\n<h2><strong>Tabla de aplicaci\u00f3n<\/strong><\/h2>\n<p> Tractores John Deere 8120 8220 8220T 8320 8320T 8420 8420T 8520 8520T <\/p>\n<div><\/div>\n<div>ATENCI\u00d3N:<\/div>\n<div>Recomendamos que la instalaci\u00f3n la realice un profesional formado y especializado.<\/div>\n<div>S\u00f3lo compra este producto si est\u00e1s seguro de que es compatible con tu veh\u00edculo. Si tienes alguna duda, no dudes en ponerte en contacto con nosotros. Nuestro horario de apertura es de lunes a viernes de 8 a 18 h.<\/div>\n<div><\/div>\n<div>Sobre nosotros<\/div>\n<div>COM Automotive est\u00e1 especializada en piezas de autom\u00f3vil de dise\u00f1o original para el sector de la reparaci\u00f3n posventa, clientes industriales y fabricantes de veh\u00edculos especiales OEM.<\/div>\n<div>Nuestro equipo tiene m\u00e1s de 28 a\u00f1os de experiencia en la fabricaci\u00f3n y el suministro de piezas de automoci\u00f3n a escala mundial.<\/div>\n<div>Nuestra MISI\u00d3N es ofrecer productos de dise\u00f1o original con una calidad impecable y una sustituci\u00f3n personalizada.<\/div>\n<div>Nuestra VISI\u00d3N es promover el crecimiento y un valor inigualable para nuestros clientes.<\/div>\n","protected":false},"excerpt":{"rendered":"<p>0123515502-COM. En stock. Ref: 0124615029, 0123515502, 124615128, 0123515502, 0124615029, RE185213, RE218703, 0124615128, 0124615029 &#8211; compatible con: John Deere. Marca: COM Automotive &#8211; Producto con calidad y dise\u00f1o originales. Compatible con: Bosch<\/p>\n","protected":false},"featured_media":20465,"comment_status":"open","ping_status":"closed","template":"","meta":[],"product_brand":[],"product_cat":[8109],"product_tag":[8910,8905,8907,8913,27257,8915,8917],"class_list":{"0":"post-15124","1":"product","2":"type-product","3":"status-publish","4":"has-post-thumbnail","6":"product_cat-alternador-es-2","7":"product_tag-0123515502-es","8":"product_tag-0123515502-com-es","9":"product_tag-0124615029-es","10":"product_tag-0124615128-es","11":"product_tag-124615128-es","12":"product_tag-re185213-es","13":"product_tag-re218703-es","15":"first","16":"instock","17":"taxable","18":"shipping-taxable","19":"purchasable","20":"product-type-simple"},"_links":{"self":[{"href":"https:\/\/com-automotive.com\/es\/wp-json\/wp\/v2\/product\/15124","targetHints":{"allow":["GET"]}}],"collection":[{"href":"https:\/\/com-automotive.com\/es\/wp-json\/wp\/v2\/product"}],"about":[{"href":"https:\/\/com-automotive.com\/es\/wp-json\/wp\/v2\/types\/product"}],"replies":[{"embeddable":true,"href":"https:\/\/com-automotive.com\/es\/wp-json\/wp\/v2\/comments?post=15124"}],"wp:featuredmedia":[{"embeddable":true,"href":"https:\/\/com-automotive.com\/es\/wp-json\/wp\/v2\/media\/20465"}],"wp:attachment":[{"href":"https:\/\/com-automotive.com\/es\/wp-json\/wp\/v2\/media?parent=15124"}],"wp:term":[{"taxonomy":"product_brand","embeddable":true,"href":"https:\/\/com-automotive.com\/es\/wp-json\/wp\/v2\/product_brand?post=15124"},{"taxonomy":"product_cat","embeddable":true,"href":"https:\/\/com-automotive.com\/es\/wp-json\/wp\/v2\/product_cat?post=15124"},{"taxonomy":"product_tag","embeddable":true,"href":"https:\/\/com-automotive.com\/es\/wp-json\/wp\/v2\/product_tag?post=15124"}],"curies":[{"name":"wp","href":"https:\/\/api.w.org\/{rel}","templated":true}]}}