{"id":15099,"date":"2023-12-28T18:05:43","date_gmt":"2023-12-28T21:05:43","guid":{"rendered":"https:\/\/com-automotive.com\/alternador-12v-90a-tg9s018-hyundai-tucson-elantra\/"},"modified":"2023-12-28T18:05:43","modified_gmt":"2023-12-28T21:05:43","slug":"alternador-12v-90a-tg9s018-hyundai-tucson-elantra","status":"publish","type":"product","link":"https:\/\/com-automotive.com\/es\/alternador-12v-90a-tg9s018-hyundai-tucson-elantra\/","title":{"rendered":"Alternador 12V 90A TG9S018 Hyundai Tucson Elantra<span class=\"product-sku\" style=\"display: block; font-size: 0.85em; color: #777; margin-top: 5px; margin-bottom: 5px;\">SKU: 8000.S018-COM<\/span>"},"content":{"rendered":"<h1><strong>COM-AUTOMOTIVE, calidad de dise\u00f1o original.<\/strong><\/h1>\n<p>Hyundai Tucson Elantra 2655023 37300-22650 3730022650 2655023 440103 A0002655023 3730022600 3730022650 3730023600 AB180128 AB190147 2655023<\/p>\n<h2>Preguntas m\u00e1s frecuentes<\/h2>\n<h3><strong>\u00bfCu\u00e1les son las referencias cruzadas?<\/strong><\/h3>\n<p>, 2655023, 3730022650, 2655023, 440103, A0002655023, 3730022600, 3730022650, 3730023600, AB180128, AB190147, 2655023, ZM 9020304<\/p>\n<h2><strong>Tabla de aplicaci\u00f3n<\/strong><\/h2>\n<p>Hyundai Tucson Elantra Alternador 12V 90Amp<\/p>\n<div><\/div>\n<div>ATENCI\u00d3N:<\/div>\n<div>Recomendamos que la instalaci\u00f3n la realice un profesional formado y especializado.<\/div>\n<div>S\u00f3lo compra este producto si est\u00e1s seguro de que es compatible con tu veh\u00edculo. Si tienes alguna duda, no dudes en ponerte en contacto con nosotros. Nuestro horario de apertura es de lunes a viernes de 8 a 18 h.<\/div>\n<div><\/div>\n<div>Sobre nosotros<\/div>\n<div>COM Automotive est\u00e1 especializada en piezas de autom\u00f3vil de dise\u00f1o original para el sector de la reparaci\u00f3n posventa, clientes industriales y fabricantes de veh\u00edculos especiales OEM.<\/div>\n<div>Nuestro equipo tiene m\u00e1s de 28 a\u00f1os de experiencia en la fabricaci\u00f3n y el suministro de piezas de automoci\u00f3n a escala mundial.<\/div>\n<div>Nuestra MISI\u00d3N es ofrecer productos de dise\u00f1o original con una calidad impecable y una sustituci\u00f3n personalizada.<\/div>\n<div>Nuestra VISI\u00d3N es promover el crecimiento y un valor inigualable para nuestros clientes.<\/div>\n","protected":false},"excerpt":{"rendered":"<p>TG9S018-COM. En stock. Ref: TG9S018, TG9S018, 2655023, 3730022650, 440103, A0002655023, TG9S018, 3730022600, 3730023600, AB180128, AB190147, ZM 9020304 &#8211; compatible con: Hyundai. Marca: COM Automotive &#8211; Producto con calidad y dise\u00f1o originales. Compatible con Valeo<\/p>\n","protected":false},"featured_media":20593,"comment_status":"open","ping_status":"closed","template":"","meta":[],"product_brand":[],"product_cat":[8109],"product_tag":[8762,8771,8764,8772,8766,8768,8774,8776,8769,8760,8778],"class_list":{"0":"post-15099","1":"product","2":"type-product","3":"status-publish","4":"has-post-thumbnail","6":"product_cat-alternador-es-2","7":"product_tag-2655023-es","8":"product_tag-3730022600-es","9":"product_tag-3730022650-es","10":"product_tag-3730023600-es","11":"product_tag-440103-es","12":"product_tag-a0002655023-es","13":"product_tag-ab180128-es","14":"product_tag-ab190147-es","15":"product_tag-tg9s018-es","16":"product_tag-tg9s018-com-es","17":"product_tag-zm-9020304-es","19":"first","20":"instock","21":"taxable","22":"shipping-taxable","23":"purchasable","24":"product-type-simple"},"_links":{"self":[{"href":"https:\/\/com-automotive.com\/es\/wp-json\/wp\/v2\/product\/15099","targetHints":{"allow":["GET"]}}],"collection":[{"href":"https:\/\/com-automotive.com\/es\/wp-json\/wp\/v2\/product"}],"about":[{"href":"https:\/\/com-automotive.com\/es\/wp-json\/wp\/v2\/types\/product"}],"replies":[{"embeddable":true,"href":"https:\/\/com-automotive.com\/es\/wp-json\/wp\/v2\/comments?post=15099"}],"wp:featuredmedia":[{"embeddable":true,"href":"https:\/\/com-automotive.com\/es\/wp-json\/wp\/v2\/media\/20593"}],"wp:attachment":[{"href":"https:\/\/com-automotive.com\/es\/wp-json\/wp\/v2\/media?parent=15099"}],"wp:term":[{"taxonomy":"product_brand","embeddable":true,"href":"https:\/\/com-automotive.com\/es\/wp-json\/wp\/v2\/product_brand?post=15099"},{"taxonomy":"product_cat","embeddable":true,"href":"https:\/\/com-automotive.com\/es\/wp-json\/wp\/v2\/product_cat?post=15099"},{"taxonomy":"product_tag","embeddable":true,"href":"https:\/\/com-automotive.com\/es\/wp-json\/wp\/v2\/product_tag?post=15099"}],"curies":[{"name":"wp","href":"https:\/\/api.w.org\/{rel}","templated":true}]}}