{"id":15094,"date":"2023-12-29T13:01:57","date_gmt":"2023-12-29T16:01:57","guid":{"rendered":"https:\/\/com-automotive.com\/alternador-24v-150a-a009tu5591a-8pk-86mm-1777301-para-autobuses-scania\/"},"modified":"2025-05-23T16:58:48","modified_gmt":"2025-05-23T19:58:48","slug":"alternador-24v-150a-a009tu5591a-8pk-86mm-1777301-para-autobuses-scania","status":"publish","type":"product","link":"https:\/\/com-automotive.com\/es\/alternador-24v-150a-a009tu5591a-8pk-86mm-1777301-para-autobuses-scania\/","title":{"rendered":"Alternador 24V 150A Compatible A009TU5591A 8PK 86MM 1777301 para Bus Scania<span class=\"product-sku\" style=\"display: block; font-size: 0.85em; color: #777; margin-top: 5px; margin-bottom: 5px;\">SKU: 8000.591A-COM<\/span>"},"content":{"rendered":"<h1><strong>COM-AUTOMOTIVE, calidad de dise\u00f1o original.<\/strong><\/h1>\n<h2>Preguntas m\u00e1s frecuentes<\/h2>\n<h3><strong>\u00bfCu\u00e1les son las referencias cruzadas?<\/strong><\/h3>\n<p>A009TU5591A-COM, A9TU5591A, A0141540602<\/p>\n<h2><strong>Tabla de aplicaci\u00f3n<\/strong><\/h2>\n<p>Mitsubishi 24V 150AMP. 8PK 86MM Scania Bus K440 Scania Generadores Motores estacionarios . ORIGINAL : A009TU5591 \/ A009TU5591A \/ A9TU5591 \/ A9TU5591A \/ SCANIA 1536236 \/ 1777301 \/ 1777466 \/ 571472<\/p>\n<div><\/div>\n<div>ATENCI\u00d3N:<\/div>\n<div>Recomendamos que la instalaci\u00f3n de 0001192105 la realice un profesional formado y especializado.<\/div>\n<div>Solo realiza la compra de este producto 0001192105 con la certeza de que es compatible con tu veh\u00edculo, si tienes dudas, no dudes en buscarnos. Nuestro horario de apertura es de lunes a viernes de 8 a 18 h.<\/div>\n<div><\/div>\n<div>Sobre nosotros<\/div>\n<div>COM Automotive est\u00e1 especializada en piezas de autom\u00f3vil de dise\u00f1o original para el sector de la reparaci\u00f3n posventa, clientes industriales y fabricantes de veh\u00edculos especiales OEM.<\/div>\n<div>Nuestro equipo tiene m\u00e1s de 28 a\u00f1os de experiencia en la fabricaci\u00f3n y el suministro de piezas de automoci\u00f3n a escala mundial.<\/div>\n<div>Nuestra MISI\u00d3N es ofrecer productos de dise\u00f1o original con una calidad impecable y una sustituci\u00f3n personalizada.<\/div>\n<div>Nuestra VISI\u00d3N es promover el crecimiento y un valor inigualable para nuestros clientes.<\/div>\n","protected":false},"excerpt":{"rendered":"<p>8000.591A-COM. Compatible con: A0141540602, 1536236, 1777301, 1777466, 571472, 19091014, A009TU5591A, A9TU5591, EURO 70656, 20257N, 8000591A.  Marca: COM Automotive &#8211; Producto con calidad y dise\u00f1o originales.<\/p>\n","protected":false},"featured_media":20482,"comment_status":"open","ping_status":"closed","template":"","meta":[],"product_brand":[],"product_cat":[8109],"product_tag":[36546,36547,36548,36550,36549,8740,36545,8738,8743],"class_list":{"0":"post-15094","1":"product","2":"type-product","3":"status-publish","4":"has-post-thumbnail","6":"product_cat-alternador-es-2","7":"product_tag-19091014-es","8":"product_tag-20257n-es","9":"product_tag-8000-591a-com-es","10":"product_tag-8000591a-es","11":"product_tag-8000591a-com-es","12":"product_tag-a009tu5591a-com-es","13":"product_tag-a009tu5591acom-es","14":"product_tag-a0141540602-es","15":"product_tag-a9tu5591a-es","17":"first","18":"instock","19":"taxable","20":"shipping-taxable","21":"purchasable","22":"product-type-simple"},"_links":{"self":[{"href":"https:\/\/com-automotive.com\/es\/wp-json\/wp\/v2\/product\/15094","targetHints":{"allow":["GET"]}}],"collection":[{"href":"https:\/\/com-automotive.com\/es\/wp-json\/wp\/v2\/product"}],"about":[{"href":"https:\/\/com-automotive.com\/es\/wp-json\/wp\/v2\/types\/product"}],"replies":[{"embeddable":true,"href":"https:\/\/com-automotive.com\/es\/wp-json\/wp\/v2\/comments?post=15094"}],"wp:featuredmedia":[{"embeddable":true,"href":"https:\/\/com-automotive.com\/es\/wp-json\/wp\/v2\/media\/20482"}],"wp:attachment":[{"href":"https:\/\/com-automotive.com\/es\/wp-json\/wp\/v2\/media?parent=15094"}],"wp:term":[{"taxonomy":"product_brand","embeddable":true,"href":"https:\/\/com-automotive.com\/es\/wp-json\/wp\/v2\/product_brand?post=15094"},{"taxonomy":"product_cat","embeddable":true,"href":"https:\/\/com-automotive.com\/es\/wp-json\/wp\/v2\/product_cat?post=15094"},{"taxonomy":"product_tag","embeddable":true,"href":"https:\/\/com-automotive.com\/es\/wp-json\/wp\/v2\/product_tag?post=15094"}],"curies":[{"name":"wp","href":"https:\/\/api.w.org\/{rel}","templated":true}]}}