{"id":15085,"date":"2024-03-14T11:00:18","date_gmt":"2024-03-14T14:00:18","guid":{"rendered":"https:\/\/com-automotive.com\/alternador-12v-90a-0123320030-para-motor-vw-ap-con-aire-gol-1-8-2-0-parati-santana-saveiro-hasta-ano2000\/"},"modified":"2024-03-14T11:00:18","modified_gmt":"2024-03-14T14:00:18","slug":"alternador-12v-90a-0123320030-para-motor-vw-ap-con-aire-gol-1-8-2-0-parati-santana-saveiro-hasta-ano2000","status":"publish","type":"product","link":"https:\/\/com-automotive.com\/es\/alternador-12v-90a-0123320030-para-motor-vw-ap-con-aire-gol-1-8-2-0-parati-santana-saveiro-hasta-ano2000\/","title":{"rendered":"Alternador 12V 90A 0123320030 para motor VW AP con aire Gol 1.8 2.0 Parati Santana Saveiro hasta a\u00f1o2000<span class=\"product-sku\" style=\"display: block; font-size: 0.85em; color: #777; margin-top: 5px; margin-bottom: 5px;\">SKU: 0123320030-COM<\/span>"},"content":{"rendered":"<h1><strong>COM-AUTOMOTIVE, calidad de dise\u00f1o original.<\/strong><\/h1>\n<p>Alternador 12V 90A 0123320030 con aire para VW Motor AP Gol 1.8 2.0 Parati Santana Saveiro hasta a\u00f1o2000<\/p>\n<h2>Preguntas m\u00e1s frecuentes<\/h2>\n<h3><strong>\u00bfCu\u00e1les son las referencias cruzadas?<\/strong><\/h3>\n<p>026903015B, 0120469729, 0120469734, 0124320034, ZEN 41007, EURO 70010, EURO 70010P<\/p>\n<h2><strong>Tabla de aplicaci\u00f3n<\/strong><\/h2>\n<p>Alternador 12V 90A con aire para VW AP Gol 1.8 2.0 Parati Santana Saveiro hasta 2000&#8243;.<\/p>\n<div>ATENCI\u00d3N:<\/div>\n<div>Recomendamos que el producto sea instalado por un profesional formado y especializado.<\/div>\n<div>S\u00f3lo compra este producto si est\u00e1s seguro de que es compatible con tu veh\u00edculo. Si tienes alguna duda, no dudes en ponerte en contacto con nosotros. Nuestro horario de apertura es de lunes a viernes de 8 a 18 h.<\/div>\n<div><\/div>\n<div>Sobre nosotros<\/div>\n<div>COM Automotive est\u00e1 especializada en piezas de autom\u00f3vil de dise\u00f1o original para el sector de la reparaci\u00f3n posventa, clientes industriales y fabricantes de veh\u00edculos especiales OEM.<\/div>\n<div>Nuestro equipo tiene m\u00e1s de 28 a\u00f1os de experiencia en la fabricaci\u00f3n y el suministro de piezas de automoci\u00f3n a escala mundial.<\/div>\n<div>Nuestra MISI\u00d3N es ofrecer productos de dise\u00f1o original con una calidad impecable y una sustituci\u00f3n personalizada.<\/div>\n<div>Nuestra VISI\u00d3N es promover el crecimiento y un valor inigualable para nuestros clientes.<\/div>\n<p>&nbsp;<\/p>\n","protected":false},"excerpt":{"rendered":"<p>0123320030-COM. En stock. Ref: 026903015B, 0120469729, 0120469734, 0124320034, ZEN 41007, EURO 70010, EURO 70010P &#8211; compatible con: Volkswagen. Marca: COM Automotive &#8211; Producto con calidad y dise\u00f1o originales. Compatible con Bosch<\/p>\n","protected":false},"featured_media":7013,"comment_status":"closed","ping_status":"closed","template":"","meta":[],"product_brand":[],"product_cat":[8109,8542],"product_tag":[8691,8693,8687,8696,8698],"class_list":{"0":"post-15085","1":"product","2":"type-product","3":"status-publish","4":"has-post-thumbnail","6":"product_cat-alternador-es-2","7":"product_cat-sempreco-es","8":"product_tag-0120469734-es","9":"product_tag-0124320034-es","10":"product_tag-026903015b-es","11":"product_tag-euro-70010-es","12":"product_tag-euro-70010p-es","14":"first","15":"instock","16":"taxable","17":"shipping-taxable","18":"purchasable","19":"product-type-simple"},"_links":{"self":[{"href":"https:\/\/com-automotive.com\/es\/wp-json\/wp\/v2\/product\/15085","targetHints":{"allow":["GET"]}}],"collection":[{"href":"https:\/\/com-automotive.com\/es\/wp-json\/wp\/v2\/product"}],"about":[{"href":"https:\/\/com-automotive.com\/es\/wp-json\/wp\/v2\/types\/product"}],"replies":[{"embeddable":true,"href":"https:\/\/com-automotive.com\/es\/wp-json\/wp\/v2\/comments?post=15085"}],"wp:featuredmedia":[{"embeddable":true,"href":"https:\/\/com-automotive.com\/es\/wp-json\/wp\/v2\/media\/7013"}],"wp:attachment":[{"href":"https:\/\/com-automotive.com\/es\/wp-json\/wp\/v2\/media?parent=15085"}],"wp:term":[{"taxonomy":"product_brand","embeddable":true,"href":"https:\/\/com-automotive.com\/es\/wp-json\/wp\/v2\/product_brand?post=15085"},{"taxonomy":"product_cat","embeddable":true,"href":"https:\/\/com-automotive.com\/es\/wp-json\/wp\/v2\/product_cat?post=15085"},{"taxonomy":"product_tag","embeddable":true,"href":"https:\/\/com-automotive.com\/es\/wp-json\/wp\/v2\/product_tag?post=15085"}],"curies":[{"name":"wp","href":"https:\/\/api.w.org\/{rel}","templated":true}]}}