{"id":15075,"date":"2024-04-05T15:37:52","date_gmt":"2024-04-05T18:37:52","guid":{"rendered":"https:\/\/com-automotive.com\/alternador-24v-100a-0124655042-con-kit-polea-2v-air-cond-thermoking-spheros-arco-tk0-2\/"},"modified":"2024-06-15T19:54:13","modified_gmt":"2024-06-15T22:54:13","slug":"alternador-24v-100a-0124655042-con-kit-polea-2v-air-cond-thermoking-spheros-arco-tk0-2","status":"publish","type":"product","link":"https:\/\/com-automotive.com\/es\/alternador-24v-100a-0124655042-con-kit-polea-2v-air-cond-thermoking-spheros-arco-tk0-2\/","title":{"rendered":"Alternador 24V 100A 0124655042 (con kit polea 2V) Air-Cond ThermoKing Spheros Arco (TK=0)<span class=\"product-sku\" style=\"display: block; font-size: 0.85em; color: #777; margin-top: 5px; margin-bottom: 5px;\">SKU: 0124655042-1-COM<\/span>"},"content":{"rendered":"<h1>COM-AUTOMOTIVE, calidad de dise\u00f1o original.<\/h1>\n<p>Alternador 0124655042 24V 100Amp (con kit polea 2V) Air-Cond ThermoKing Spheros Arco (TK=0)<\/p>\n<h2>Preguntas m\u00e1s frecuentes<\/h2>\n<h3><strong>\u00bfCu\u00e1les son las referencias cruzadas?<\/strong><\/h3>\n<p>0124655042, 0124655042, 1986A00979<\/p>\n<h2><strong>Tabla de aplicaci\u00f3n<\/strong><\/h2>\n<p>ARCO, Valeo, Denso, Thermoking y otros sistemas de aire acondicionado<\/p>\n<p>&nbsp;<\/p>\n<div>ATENCI\u00d3N:<\/div>\n<div>Recomendamos que la instalaci\u00f3n la realice un profesional formado y especializado.<\/div>\n<div>S\u00f3lo compre este producto si est\u00e1 seguro de que es compatible con su veh\u00edculo. Si tiene alguna duda, no dude en ponerse en contacto con nosotros. Nuestro horario de apertura es de lunes a viernes de 08:00 a 18:00.<\/div>\n<div><\/div>\n<div>Sobre nosotros<\/div>\n<div>COM Automotive est\u00e1 especializada en piezas de autom\u00f3vil de dise\u00f1o original para el sector de la reparaci\u00f3n posventa, clientes industriales y fabricantes de veh\u00edculos especiales OEM.<\/div>\n<div>Nuestro equipo cuenta con m\u00e1s de 28 a\u00f1os de experiencia en la fabricaci\u00f3n y el suministro de piezas de automoci\u00f3n a escala mundial.<\/div>\n<div>Nuestra MISI\u00d3N es proporcionar productos de dise\u00f1o original con una calidad impecable y una sustituci\u00f3n \u00abuno a uno\u00bb.<\/div>\n<div>Nuestra VISI\u00d3N es promover el crecimiento y un valor inigualable para nuestros clientes.<\/div>\n","protected":false},"excerpt":{"rendered":"<p>0124655042-1-COM. En stock. Ref: 0124655042, 0124655042, A0131547902, 1986A00979, ZEN 41049, 8EL012584151 &#8211; compatible con: EJE MERCEDES MBB. Marca: COM Automotive &#8211; Producto con calidad y dise\u00f1o originales. Compatible con Bosch<\/p>\n","protected":false},"featured_media":0,"comment_status":"open","ping_status":"closed","template":"","meta":[],"product_brand":[],"product_cat":[8109],"product_tag":[],"class_list":{"0":"post-15075","1":"product","2":"type-product","3":"status-publish","5":"product_cat-alternador-es-2","7":"first","8":"instock","9":"taxable","10":"shipping-taxable","11":"purchasable","12":"product-type-simple"},"_links":{"self":[{"href":"https:\/\/com-automotive.com\/es\/wp-json\/wp\/v2\/product\/15075","targetHints":{"allow":["GET"]}}],"collection":[{"href":"https:\/\/com-automotive.com\/es\/wp-json\/wp\/v2\/product"}],"about":[{"href":"https:\/\/com-automotive.com\/es\/wp-json\/wp\/v2\/types\/product"}],"replies":[{"embeddable":true,"href":"https:\/\/com-automotive.com\/es\/wp-json\/wp\/v2\/comments?post=15075"}],"wp:attachment":[{"href":"https:\/\/com-automotive.com\/es\/wp-json\/wp\/v2\/media?parent=15075"}],"wp:term":[{"taxonomy":"product_brand","embeddable":true,"href":"https:\/\/com-automotive.com\/es\/wp-json\/wp\/v2\/product_brand?post=15075"},{"taxonomy":"product_cat","embeddable":true,"href":"https:\/\/com-automotive.com\/es\/wp-json\/wp\/v2\/product_cat?post=15075"},{"taxonomy":"product_tag","embeddable":true,"href":"https:\/\/com-automotive.com\/es\/wp-json\/wp\/v2\/product_tag?post=15075"}],"curies":[{"name":"wp","href":"https:\/\/api.w.org\/{rel}","templated":true}]}}