{"id":14897,"date":"2024-03-14T11:00:34","date_gmt":"2024-03-14T14:00:34","guid":{"rendered":"https:\/\/com-automotive.com\/motor-de-arranque-12v-8d-fs10b2-para-ford-ka-1-5-ecosport-1-6-fiesta-bu2ta-ano2014a2021\/"},"modified":"2024-07-30T20:24:28","modified_gmt":"2024-07-30T23:24:28","slug":"motor-de-arranque-12v-8d-fs10b2-para-ford-ka-1-5-ecosport-1-6-fiesta-bu2ta-ano2014a2021","status":"publish","type":"product","link":"https:\/\/com-automotive.com\/es\/motor-de-arranque-12v-8d-fs10b2-para-ford-ka-1-5-ecosport-1-6-fiesta-bu2ta-ano2014a2021\/","title":{"rendered":"Motor de arranque 12V 10D FS10B2 para motor Ecosport Fiesta Ka 1.6 Sigma A\u00f1o12&gt;16<span class=\"product-sku\" style=\"display: block; font-size: 0.85em; color: #777; margin-top: 5px; margin-bottom: 5px;\">SKU: 6000.1082-COM<\/span>"},"content":{"rendered":"<h1><strong>COM-AUTOMOTIVE, calidad de dise\u00f1o original.<\/strong><\/h1>\n<p> Motor de arranque 12V 8D FS10B2 para Ford KA 1.5 Ecosport 1.6 Fiesta BU2TA a\u00f1o2014 a 2021 <\/p>\n<h2>Preguntas m\u00e1s frecuentes<\/h2>\n<h3><strong>\u00bfCu\u00e1les son las referencias cruzadas?<\/strong><\/h3>\n<p>  E3B51100, L2MPT1, 26H94696, TSC10B1, FS10B2, EURO 20407  <\/p>\n<h2><strong>Tabla de aplicaci\u00f3n<\/strong><\/h2>\n<p>  Motor de arranque 12V 8D FS10B2 para Ford KA 1.5 Ecosport 1.6 Fiesta BU2TA a\u00f1o2014 a 2021&#8243;  <\/p>\n<div>ATENCI\u00d3N:<\/div>\n<div>Recomendamos que la instalaci\u00f3n del producto sea realizada por un profesional capacitado y especializado.<\/div>\n<div>Solo realiza la compra de este producto con la certeza de que es compatible con tu veh\u00edculo, si tienes alguna duda, no dudes en ponerte en contacto con nosotros. Nuestro horario de apertura es de lunes a viernes de 8 a 18 h.<\/div>\n<div><\/div>\n<div>Sobre nosotros<\/div>\n<div>COM Automotive est\u00e1 especializada en piezas de autom\u00f3vil de dise\u00f1o original para el sector de la reparaci\u00f3n posventa, clientes industriales y fabricantes de veh\u00edculos especiales OEM.<\/div>\n<div>Nuestro equipo tiene m\u00e1s de 28 a\u00f1os de experiencia en la fabricaci\u00f3n y el suministro de piezas de automoci\u00f3n a escala mundial.<\/div>\n<div>Nuestra MISI\u00d3N es ofrecer productos de dise\u00f1o original con una calidad impecable y una sustituci\u00f3n personalizada.<\/div>\n<div>Nuestra VISI\u00d3N es promover el crecimiento y un valor inigualable para nuestros clientes.<\/div>\n","protected":false},"excerpt":{"rendered":"<p>FS10B2-COM. En stock. Ref: 1344589, 4M5T11000CA, 4M5T11000CB, 8V21110008E, AE8T11000AB, FS10B2, EURO 20550 &#8211; compatible con: Ford. Marca: COM Automotive &#8211; Producto con calidad y dise\u00f1o originales. Compatible con: Valeo<\/p>\n","protected":false},"featured_media":19107,"comment_status":"open","ping_status":"closed","template":"","meta":[],"product_brand":[],"product_cat":[8119],"product_tag":[27143,27144,27146,27148,14576,27151,8277,27153],"class_list":{"0":"post-14897","1":"product","2":"type-product","3":"status-publish","4":"has-post-thumbnail","6":"product_cat-motor-de-arranque","7":"product_tag-1344589-es","8":"product_tag-4m5t11000ca-es","9":"product_tag-4m5t11000cb-es","10":"product_tag-8v21110008e-es","11":"product_tag-ae8t11000ab-es","12":"product_tag-euro-20550-es","13":"product_tag-fs10b2-es","14":"product_tag-fs10b2-com-es","16":"first","17":"instock","18":"taxable","19":"shipping-taxable","20":"purchasable","21":"product-type-simple"},"_links":{"self":[{"href":"https:\/\/com-automotive.com\/es\/wp-json\/wp\/v2\/product\/14897","targetHints":{"allow":["GET"]}}],"collection":[{"href":"https:\/\/com-automotive.com\/es\/wp-json\/wp\/v2\/product"}],"about":[{"href":"https:\/\/com-automotive.com\/es\/wp-json\/wp\/v2\/types\/product"}],"replies":[{"embeddable":true,"href":"https:\/\/com-automotive.com\/es\/wp-json\/wp\/v2\/comments?post=14897"}],"wp:featuredmedia":[{"embeddable":true,"href":"https:\/\/com-automotive.com\/es\/wp-json\/wp\/v2\/media\/19107"}],"wp:attachment":[{"href":"https:\/\/com-automotive.com\/es\/wp-json\/wp\/v2\/media?parent=14897"}],"wp:term":[{"taxonomy":"product_brand","embeddable":true,"href":"https:\/\/com-automotive.com\/es\/wp-json\/wp\/v2\/product_brand?post=14897"},{"taxonomy":"product_cat","embeddable":true,"href":"https:\/\/com-automotive.com\/es\/wp-json\/wp\/v2\/product_cat?post=14897"},{"taxonomy":"product_tag","embeddable":true,"href":"https:\/\/com-automotive.com\/es\/wp-json\/wp\/v2\/product_tag?post=14897"}],"curies":[{"name":"wp","href":"https:\/\/api.w.org\/{rel}","templated":true}]}}