{"id":14877,"date":"2024-05-13T13:54:41","date_gmt":"2024-05-13T16:54:41","guid":{"rendered":"https:\/\/com-automotive.com\/alternador-14v-120a-0124515134-at321280-para-jdeere-retroexcavadora-210-310-410g-450-550-650\/"},"modified":"2024-07-30T20:24:39","modified_gmt":"2024-07-30T23:24:39","slug":"alternador-14v-120a-0124515134-at321280-para-jdeere-retroexcavadora-210-310-410g-450-550-650","status":"publish","type":"product","link":"https:\/\/com-automotive.com\/es\/alternador-14v-120a-0124515134-at321280-para-jdeere-retroexcavadora-210-310-410g-450-550-650\/","title":{"rendered":"Alternador 14V 120A 0124515134 AT321280 para Jdeere Retroexcavadora 210 310 410G 450 550 650<span class=\"product-sku\" style=\"display: block; font-size: 0.85em; color: #777; margin-top: 5px; margin-bottom: 5px;\">SKU: 8000.5134-COM<\/span>"},"content":{"rendered":"<h1><strong>COM-AUTOMOTIVE, calidad de dise\u00f1o original.<\/strong><\/h1>\n<p> Alternador 14V 120A 0124515134 AT321280 para retroexcavadora Jdeere 210LE, 210LJ, 310G, 310SG, 315SG, 315SJ, 410G, 450J, 550J, 650J <\/p>\n<h2>Preguntas m\u00e1s frecuentes<\/h2>\n<h3><strong>\u00bfCu\u00e1les son las referencias cruzadas?<\/strong><\/h3>\n<p> 79209150, AT321280, AT317881, 6008616410, 0124315043, 0124325155, 0124325182 0124515134 <\/p>\n<h2><strong>Tabla de aplicaci\u00f3n<\/strong><\/h2>\n<p>  Retroexcavadora Jdeere 210LE, 210LJ, 310G, 310SG, 315SG, 315SJ, 410G, 450J, 550J, 650J\u00bb  <\/p>\n<div>ATENCI\u00d3N:<\/div>\n<div>Recomendamos que el producto sea instalado por un profesional formado y especializado.<\/div>\n<div>S\u00f3lo compra este producto si est\u00e1s seguro de que es compatible con tu veh\u00edculo. Si tienes alguna duda, no dudes en ponerte en contacto con nosotros. Nuestro horario de apertura es de lunes a viernes de 8 a 18 h.<\/div>\n<div><\/div>\n<div>Sobre nosotros<\/div>\n<div>COM Automotive est\u00e1 especializada en piezas de autom\u00f3vil de dise\u00f1o original para el sector de la reparaci\u00f3n posventa, clientes industriales y fabricantes de veh\u00edculos especiales OEM.<\/div>\n<div>Nuestro equipo tiene m\u00e1s de 28 a\u00f1os de experiencia en la fabricaci\u00f3n y el suministro de piezas de automoci\u00f3n a escala mundial.<\/div>\n<div>Nuestra MISI\u00d3N es ofrecer productos de dise\u00f1o original con una calidad impecable y una sustituci\u00f3n personalizada.<\/div>\n<div>Nuestra VISI\u00d3N es promover el crecimiento y un valor inigualable para nuestros clientes.<\/div>\n<p>  &amp;nbsp  <\/p>\n<div>Nuestro equipo tiene m\u00e1s de 28 a\u00f1os de experiencia en la fabricaci\u00f3n y el suministro de piezas de automoci\u00f3n a escala mundial.<\/div>\n<div>Nuestra MISI\u00d3N es ofrecer productos de dise\u00f1o original con una calidad impecable y una sustituci\u00f3n personalizada.<\/div>\n<div>Nuestra VISI\u00d3N es promover el crecimiento y un valor inigualable para nuestros clientes.<\/div>\n","protected":false},"excerpt":{"rendered":"<p>0124515134-COM. En stock. Ref: 79209150, AT321280, AT317881, 6008616410, 0124315043, 0124325155, 0124325182, 0124515134 &#8211; compatible con: Jdeere. Marca: COM Automotive &#8211; Producto con calidad y dise\u00f1o originales. Compatible con: Bosch<\/p>\n","protected":false},"featured_media":20850,"comment_status":"open","ping_status":"closed","template":"","meta":[],"product_brand":[],"product_cat":[8109],"product_tag":[8114,8125,8132,8163,8169,8142,8133,8124],"class_list":{"0":"post-14877","1":"product","2":"type-product","3":"status-publish","4":"has-post-thumbnail","6":"product_cat-alternador-es-2","7":"product_tag-0124315043-es","8":"product_tag-0124325155-es","9":"product_tag-0124325182-es","10":"product_tag-0124515134-es","11":"product_tag-0124515134-com-es","12":"product_tag-6008616410-es","13":"product_tag-at317881-es","14":"product_tag-at321280-es","16":"first","17":"instock","18":"taxable","19":"shipping-taxable","20":"purchasable","21":"product-type-simple"},"_links":{"self":[{"href":"https:\/\/com-automotive.com\/es\/wp-json\/wp\/v2\/product\/14877","targetHints":{"allow":["GET"]}}],"collection":[{"href":"https:\/\/com-automotive.com\/es\/wp-json\/wp\/v2\/product"}],"about":[{"href":"https:\/\/com-automotive.com\/es\/wp-json\/wp\/v2\/types\/product"}],"replies":[{"embeddable":true,"href":"https:\/\/com-automotive.com\/es\/wp-json\/wp\/v2\/comments?post=14877"}],"wp:featuredmedia":[{"embeddable":true,"href":"https:\/\/com-automotive.com\/es\/wp-json\/wp\/v2\/media\/20850"}],"wp:attachment":[{"href":"https:\/\/com-automotive.com\/es\/wp-json\/wp\/v2\/media?parent=14877"}],"wp:term":[{"taxonomy":"product_brand","embeddable":true,"href":"https:\/\/com-automotive.com\/es\/wp-json\/wp\/v2\/product_brand?post=14877"},{"taxonomy":"product_cat","embeddable":true,"href":"https:\/\/com-automotive.com\/es\/wp-json\/wp\/v2\/product_cat?post=14877"},{"taxonomy":"product_tag","embeddable":true,"href":"https:\/\/com-automotive.com\/es\/wp-json\/wp\/v2\/product_tag?post=14877"}],"curies":[{"name":"wp","href":"https:\/\/api.w.org\/{rel}","templated":true}]}}