{"id":14910,"date":"2023-10-03T17:46:36","date_gmt":"2023-10-03T20:46:36","guid":{"rendered":"https:\/\/com-automotive.com\/garantia\/"},"modified":"2024-06-01T16:41:20","modified_gmt":"2024-06-01T19:41:20","slug":"garantia","status":"publish","type":"page","link":"https:\/\/com-automotive.com\/es\/garantia\/","title":{"rendered":"Garant\u00eda"},"content":{"rendered":"\n<p><strong>PLAZO DE GARANT\u00cdA<\/strong><\/p>\n<p><strong>1. Definiciones generales<\/strong><\/p>\n<p><strong>1.1 Alternadores y<\/strong> motores de arranque<strong>:<\/strong> Las piezas de autom\u00f3vil clasificadas como \u00abAlternadores\u00bb y \u00abMotores de arranque\u00bb est\u00e1n cubiertas por una garant\u00eda de 1 (un) a\u00f1o a partir de la fecha de compra. Durante este periodo, el distribuidor oficial COM Automotive evaluar\u00e1 la reclamaci\u00f3n por defectos y sustituir\u00e1 el producto si la reclamaci\u00f3n est\u00e1 justificada.<\/p>\n<p><strong>1.2 Recambios:<\/strong> Los recambios clasificados como \u00abRecambios\u00bb est\u00e1n cubiertos por una garant\u00eda de 3 (tres) meses a partir de la fecha de compra. Durante este periodo, el distribuidor oficial COM Automotive evaluar\u00e1 la reclamaci\u00f3n por defectos y sustituir\u00e1 el producto si la reclamaci\u00f3n est\u00e1 justificada.<\/p>\n<p><strong>2. Condiciones de la garant\u00eda<\/strong><\/p>\n<p><strong>2.1 Garant\u00eda<\/strong> expresa<strong>:<\/strong> La garant\u00eda es expresa y la proporcionar\u00e1 el distribuidor que revendi\u00f3 la pieza al aplicador (mec\u00e1nico, electricista) o al consumidor final. El cliente debe presentar una copia del comprobante de compra original cuando solicite cualquier servicio de garant\u00eda.<\/p>\n<p><strong>2.2 Cobertura de la garant\u00eda:<\/strong> La garant\u00eda cubre exclusivamente los defectos de fabricaci\u00f3n o de los materiales. No cubre los da\u00f1os causados por uso indebido, negligencia, instalaci\u00f3n incorrecta, mantenimiento inadecuado, accidentes o modificaciones no autorizadas.<\/p>\n<p><strong>2.3 Procedimiento de reclamaci\u00f3n:<\/strong> En caso de defecto cubierto por la garant\u00eda, el consumidor debe ponerse en contacto con el distribuidor donde adquiri\u00f3 la pieza para iniciar el procedimiento de reclamaci\u00f3n. El distribuidor, tras verificar la admisibilidad de la reclamaci\u00f3n, puede optar por sustituir el producto inmediatamente o esperar a que COM Automotive env\u00ede el nuevo producto.<\/p>\n<p><strong>2.4 Limitaciones de la garant\u00eda:<\/strong> La garant\u00eda no incluye ning\u00fan gasto relacionado con el transporte de la pieza, la mano de obra para la instalaci\u00f3n o cualquier otro gasto incidental. La responsabilidad se limita a corregir el defecto de la pieza.<\/p>\n<p><strong>3. Disposiciones finales<\/strong><\/p>\n<p>El presente Contrato de Garant\u00eda es v\u00e1lido de conformidad con la legislaci\u00f3n aplicable en materia de protecci\u00f3n de los consumidores. Cualquier disputa o controversia derivada de este t\u00e9rmino se resolver\u00e1 de acuerdo con la legislaci\u00f3n vigente.<\/p>\n<p>Esta garant\u00eda es v\u00e1lida a partir de la fecha de compra de la pieza del coche y no puede transferirse a terceros.<\/p>\n<p>Al aceptar la compra de la pieza del coche, el consumidor acepta los t\u00e9rminos y condiciones establecidos en esta Declaraci\u00f3n de Garant\u00eda.<\/p>\n","protected":false},"excerpt":{"rendered":"","protected":false},"author":7,"featured_media":0,"parent":0,"menu_order":0,"comment_status":"closed","ping_status":"closed","template":"","meta":{"footnotes":""},"class_list":["post-14910","page","type-page","status-publish","hentry"],"_links":{"self":[{"href":"https:\/\/com-automotive.com\/es\/wp-json\/wp\/v2\/pages\/14910","targetHints":{"allow":["GET"]}}],"collection":[{"href":"https:\/\/com-automotive.com\/es\/wp-json\/wp\/v2\/pages"}],"about":[{"href":"https:\/\/com-automotive.com\/es\/wp-json\/wp\/v2\/types\/page"}],"author":[{"embeddable":true,"href":"https:\/\/com-automotive.com\/es\/wp-json\/wp\/v2\/users\/7"}],"replies":[{"embeddable":true,"href":"https:\/\/com-automotive.com\/es\/wp-json\/wp\/v2\/comments?post=14910"}],"version-history":[{"count":0,"href":"https:\/\/com-automotive.com\/es\/wp-json\/wp\/v2\/pages\/14910\/revisions"}],"wp:attachment":[{"href":"https:\/\/com-automotive.com\/es\/wp-json\/wp\/v2\/media?parent=14910"}],"curies":[{"name":"wp","href":"https:\/\/api.w.org\/{rel}","templated":true}]}}